{"id":1115,"date":"2024-04-08T14:42:59","date_gmt":"2024-04-08T12:42:59","guid":{"rendered":"https:\/\/www.sabine-ickler.de\/kunden\/michaelschurr\/?page_id=1115"},"modified":"2025-05-06T16:34:44","modified_gmt":"2025-05-06T14:34:44","slug":"startseite","status":"publish","type":"page","link":"https:\/\/www.entspannter-sein.de\/","title":{"rendered":"Startseite"},"content":{"rendered":"<style>.kb-row-layout-id1115_96626c-81 > .kt-row-column-wrap{align-content:start;}:where(.kb-row-layout-id1115_96626c-81 > .kt-row-column-wrap) > .wp-block-kadence-column{justify-content:start;}.kb-row-layout-id1115_96626c-81 > .kt-row-column-wrap{column-gap:var(--global-kb-gap-md, 2rem);row-gap:var(--global-kb-gap-md, 2rem);padding-top:var(--global-kb-spacing-sm, 1.5rem);padding-bottom:var(--global-kb-spacing-sm, 1.5rem);grid-template-columns:minmax(0, 1fr);}.kb-row-layout-id1115_96626c-81 > .kt-row-layout-overlay{opacity:0.30;}@media all and (max-width: 1024px){.kb-row-layout-id1115_96626c-81 > .kt-row-column-wrap{grid-template-columns:minmax(0, 1fr);}}@media all and (max-width: 767px){.kb-row-layout-id1115_96626c-81 > .kt-row-column-wrap{grid-template-columns:minmax(0, 1fr);}}<\/style><div class=\"kb-row-layout-wrap kb-row-layout-id1115_96626c-81 alignnone wp-block-kadence-rowlayout\"><div class=\"kt-row-column-wrap kt-has-1-columns kt-row-layout-equal kt-tab-layout-inherit kt-mobile-layout-row kt-row-valign-top\">\n<style>.kadence-column1115_2e69f8-c8 > .kt-inside-inner-col,.kadence-column1115_2e69f8-c8 > .kt-inside-inner-col:before{border-top-left-radius:0px;border-top-right-radius:0px;border-bottom-right-radius:0px;border-bottom-left-radius:0px;}.kadence-column1115_2e69f8-c8 > .kt-inside-inner-col{column-gap:var(--global-kb-gap-sm, 1rem);}.kadence-column1115_2e69f8-c8 > .kt-inside-inner-col{flex-direction:column;}.kadence-column1115_2e69f8-c8 > .kt-inside-inner-col > .aligncenter{width:100%;}.kadence-column1115_2e69f8-c8 > .kt-inside-inner-col:before{opacity:0.3;}.kadence-column1115_2e69f8-c8{position:relative;}@media all and (max-width: 1024px){.kadence-column1115_2e69f8-c8 > .kt-inside-inner-col{flex-direction:column;justify-content:center;}}@media all and (max-width: 767px){.kadence-column1115_2e69f8-c8 > .kt-inside-inner-col{flex-direction:column;justify-content:center;}}<\/style>\n<div class=\"wp-block-kadence-column kadence-column1115_2e69f8-c8 inner-column-2\"><div class=\"kt-inside-inner-col\">\n<h1 class=\"wp-block-heading\">Endlich entspannter arbeiten &amp; Stress meistern!<\/h1>\n\n\n\n<p><strong>Sie w\u00fcnschen sich entspannte und ausgeglichene Mitarbeiter?<\/strong><\/p>\n\n\n\n<p>Wir haben die L\u00f6sung!&nbsp;<\/p>\n\n\n\n<p>Entdecke unsere zwei effektiven Wege zu mehr Entspannung und weniger Stress im Unternehmen<\/p>\n\n\n\n<figure class=\"wp-block-embed is-type-video is-provider-youtube wp-block-embed-youtube wp-embed-aspect-16-9 wp-has-aspect-ratio\"><div class=\"wp-block-embed__wrapper\">\n<iframe loading=\"lazy\" title=\"Entspannter Sein - Stressreduktions Coach\" width=\"500\" height=\"281\" src=\"https:\/\/www.youtube.com\/embed\/B6ORBwxgumQ?feature=oembed\" frameborder=\"0\" allow=\"accelerometer; autoplay; clipboard-write; encrypted-media; gyroscope; picture-in-picture; web-share\" referrerpolicy=\"strict-origin-when-cross-origin\" allowfullscreen><\/iframe>\n<\/div><\/figure>\n\n\n\n<p><\/p>\n\n\n\n<h2 class=\"wp-block-heading\">Unser Programm &#8222;Entspannter sein \u2013 Dein Weg zu innerer Ruhe (4 Wochen)&#8220; bietet eine effektive L\u00f6sung, die direkt im Arbeitsalltag greift.<\/h2>\n\n\n\n<p><strong>F\u00fcr Ihre Mitarbeiter bedeutet das:<\/strong><\/p>\n\n\n\n<ul class=\"wp-block-list\">\n<li><strong>Mehr Gelassenheit im Beruf und Alltag:<\/strong>\u00a0Durch neueste Erkenntnisse und sofort anwendbare \u00dcbungen.<\/li>\n\n\n\n<li><strong>Nachhaltige Ver\u00e4nderung:<\/strong>\u00a0T\u00e4gliche Impulse statt rein theoretischer Wochenlektionen sorgen f\u00fcr eine tiefergehende Wirkung.<\/li>\n\n\n\n<li><strong>Starke Gemeinschaft:<\/strong>\u00a0Der Austausch in einer unterst\u00fctzenden Community f\u00f6rdert Motivation und Erfolg \u2013\u00a0<strong>&#8222;You never walk alone.&#8220;<\/strong><\/li>\n\n\n\n<li><strong>Messbarer Fortschritt:<\/strong>\u00a0Im Unterschied zu kostenlosen Angeboten beinhaltet der Kurs eine Stress-Auswertung vor und nach der Teilnahme.<\/li>\n\n\n\n<li><strong>Praktische Unterst\u00fctzung:<\/strong>\u00a0Wertvolle Hilfsmittel und Tools stehen zum Download bereit.<\/li>\n\n\n\n<li><strong>Exklusiver Austausch:<\/strong>\u00a0Der Zugang zu unserer Community bietet einen direkten Draht zu Gleichgesinnten und Experten.<\/li>\n<\/ul>\n\n\n\n<p><strong>Ihr Nutzen als Unternehmen:<\/strong>&nbsp;Entspannte Mitarbeiter sind leistungsf\u00e4higer, motivierter und weniger anf\u00e4llig f\u00fcr stressbedingte Ausf\u00e4lle.&nbsp;<\/p>\n\n\n\n<p>Investieren Sie in das Wohlbefinden Ihres Teams und legen Sie den Grundstein f\u00fcr ein positives Arbeitsklima.<\/p>\n\n\n\n<p><strong>Was Ihre Mitarbeiter erwartet:<\/strong><\/p>\n\n\n\n<ul class=\"wp-block-list\">\n<li>T\u00e4gliche Impulse statt w\u00f6chentlicher Theorie \u2013 f\u00fcr eine nachhaltige Ver\u00e4nderung.<\/li>\n\n\n\n<li>Impulse nicht nur online, sondern aktiv \u00fcber einen Medien-Mix (Plakat, Karten, Aktionen)\u00a0<\/li>\n\n\n\n<li>Eine unterst\u00fctzende Community, in der die Mitarbeiter sich austauschen und gemeinsam wachsen k\u00f6nnen \u2013\u00a0<strong>&#8222;You never walk alone.<\/strong><\/li>\n<\/ul>\n\n\n\n<p><strong>Bereit f\u00fcr mehr Entspannung und weniger Stress &#8211; einfach entspannter sein?<\/strong><\/p>\n\n\n\n<p><a href=\"https:\/\/drive.google.com\/file\/d\/1UykGjPPZ2VZbnK_ittoec9_KB8PKGYXR\/view?usp=sharing\" target=\"_blank\" rel=\"noreferrer noopener\">Zum Webinar &#8222;Entspannter sein&#8220;\u00a0<\/a><br><br><\/p>\n\n\n\n<h3 class=\"wp-block-heading\"><strong>Werde dein eigener Stressreduktions-Coach \u2013 F\u00fcr nachhaltige Lebensqualit\u00e4t<\/strong><\/h3>\n\n\n\n<p>Du m\u00f6chtest Stress nicht nur reduzieren, sondern ihn langfristig in den Griff bekommen und deine Lebensqualit\u00e4t steigern? Dann ist unser umfassender Stressreduktions-Coach genau das Richtige f\u00fcr dich!<\/p>\n\n\n\n<p><strong>Hier lernst du, wie du:<\/strong><\/p>\n\n\n\n<ul class=\"wp-block-list\">\n<li>Die Ursachen von Stress erkennst und angehst.<\/li>\n\n\n\n<li>Effektive Strategien zur Stressbew\u00e4ltigung entwickelst.<\/li>\n\n\n\n<li>Mehr Zeit f\u00fcr die wichtigen Dinge im Leben gewinnst \u2013\u00a0<strong>Gib deiner Zeit mehr Leben!<\/strong><\/li>\n<\/ul>\n\n\n\n<p><strong>Sofort-Hilfe bei akutem Stress:<\/strong><\/p>\n\n\n\n<p>Ist der Druck gerade besonders hoch? Brauchst du jetzt sofort Unterst\u00fctzung?<\/p>\n\n\n\n<p><strong>Wir sind f\u00fcr dich da!<\/strong>&nbsp;In dringenden F\u00e4llen bieten wir dir ein&nbsp;<strong>direktes Soforthilfe-Gespr\u00e4ch (Emergency Call)<\/strong>&nbsp;an. Gemeinsam schnell eine&nbsp;L\u00f6sung finden und dir eine Perspektive geben, das ist schon eine&nbsp;erste Entspannung und schnelle Stressreduktion.<\/p>\n<\/div><\/div>\n\n\n<style>.kadence-column1115_e9bfa0-e2 > .kt-inside-inner-col,.kadence-column1115_e9bfa0-e2 > .kt-inside-inner-col:before{border-top-left-radius:0px;border-top-right-radius:0px;border-bottom-right-radius:0px;border-bottom-left-radius:0px;}.kadence-column1115_e9bfa0-e2 > .kt-inside-inner-col{column-gap:var(--global-kb-gap-sm, 1rem);}.kadence-column1115_e9bfa0-e2 > .kt-inside-inner-col{flex-direction:column;}.kadence-column1115_e9bfa0-e2 > .kt-inside-inner-col > .aligncenter{width:100%;}.kadence-column1115_e9bfa0-e2 > .kt-inside-inner-col:before{opacity:0.3;}.kadence-column1115_e9bfa0-e2{position:relative;}@media all and (max-width: 1024px){.kadence-column1115_e9bfa0-e2 > .kt-inside-inner-col{flex-direction:column;justify-content:center;}}@media all and (max-width: 767px){.kadence-column1115_e9bfa0-e2 > .kt-inside-inner-col{flex-direction:column;justify-content:center;}}<\/style>\n<div class=\"wp-block-kadence-column kadence-column1115_e9bfa0-e2 inner-column-1\"><div class=\"kt-inside-inner-col\">\n<p><\/p>\n<\/div><\/div>\n\n<\/div><\/div>","protected":false},"excerpt":{"rendered":"<p>Endlich entspannter arbeiten &amp; Stress meistern! Sie w\u00fcnschen sich entspannte und ausgeglichene Mitarbeiter? Wir haben die L\u00f6sung!&nbsp; Entdecke unsere zwei effektiven Wege zu mehr Entspannung und weniger Stress im Unternehmen Unser Programm &#8222;Entspannter sein \u2013 Dein Weg zu innerer Ruhe (4 Wochen)&#8220; bietet eine effektive L\u00f6sung, die direkt im Arbeitsalltag greift. F\u00fcr Ihre Mitarbeiter bedeutet [&hellip;]<\/p>\n","protected":false},"author":1,"featured_media":0,"parent":0,"menu_order":0,"comment_status":"closed","ping_status":"closed","template":"","meta":{"_uag_custom_page_level_css":"","site-sidebar-layout":"default","site-content-layout":"","ast-site-content-layout":"default","site-content-style":"default","site-sidebar-style":"default","ast-global-header-display":"","ast-banner-title-visibility":"","ast-main-header-display":"","ast-hfb-above-header-display":"","ast-hfb-below-header-display":"","ast-hfb-mobile-header-display":"","site-post-title":"","ast-breadcrumbs-content":"","ast-featured-img":"","footer-sml-layout":"","ast-disable-related-posts":"","theme-transparent-header-meta":"","adv-header-id-meta":"","stick-header-meta":"","header-above-stick-meta":"","header-main-stick-meta":"","header-below-stick-meta":"","astra-migrate-meta-layouts":"set","ast-page-background-enabled":"default","ast-page-background-meta":{"desktop":{"background-color":"var(--ast-global-color-4)","background-image":"","background-repeat":"repeat","background-position":"center center","background-size":"auto","background-attachment":"scroll","background-type":"","background-media":"","overlay-type":"","overlay-color":"","overlay-opacity":"","overlay-gradient":""},"tablet":{"background-color":"","background-image":"","background-repeat":"repeat","background-position":"center center","background-size":"auto","background-attachment":"scroll","background-type":"","background-media":"","overlay-type":"","overlay-color":"","overlay-opacity":"","overlay-gradient":""},"mobile":{"background-color":"","background-image":"","background-repeat":"repeat","background-position":"center center","background-size":"auto","background-attachment":"scroll","background-type":"","background-media":"","overlay-type":"","overlay-color":"","overlay-opacity":"","overlay-gradient":""}},"ast-content-background-meta":{"desktop":{"background-color":"var(--ast-global-color-5)","background-image":"","background-repeat":"repeat","background-position":"center center","background-size":"auto","background-attachment":"scroll","background-type":"","background-media":"","overlay-type":"","overlay-color":"","overlay-opacity":"","overlay-gradient":""},"tablet":{"background-color":"var(--ast-global-color-5)","background-image":"","background-repeat":"repeat","background-position":"center center","background-size":"auto","background-attachment":"scroll","background-type":"","background-media":"","overlay-type":"","overlay-color":"","overlay-opacity":"","overlay-gradient":""},"mobile":{"background-color":"var(--ast-global-color-5)","background-image":"","background-repeat":"repeat","background-position":"center center","background-size":"auto","background-attachment":"scroll","background-type":"","background-media":"","overlay-type":"","overlay-color":"","overlay-opacity":"","overlay-gradient":""}},"footnotes":""},"class_list":["post-1115","page","type-page","status-publish","hentry"],"yoast_head":"<!-- This site is optimized with the Yoast SEO plugin v25.2 - https:\/\/yoast.com\/wordpress\/plugins\/seo\/ -->\n<title>Startseite - entspannter sein<\/title>\n<meta name=\"robots\" content=\"index, follow, max-snippet:-1, max-image-preview:large, max-video-preview:-1\" \/>\n<link rel=\"canonical\" href=\"https:\/\/www.entspannter-sein.de\/\" \/>\n<meta property=\"og:locale\" content=\"de_DE\" \/>\n<meta property=\"og:type\" content=\"article\" \/>\n<meta property=\"og:title\" content=\"Startseite - entspannter sein\" \/>\n<meta property=\"og:description\" content=\"Endlich entspannter arbeiten &amp; Stress meistern! Sie w\u00fcnschen sich entspannte und ausgeglichene Mitarbeiter? Wir haben die L\u00f6sung!&nbsp; Entdecke unsere zwei effektiven Wege zu mehr Entspannung und weniger Stress im Unternehmen Unser Programm &#8222;Entspannter sein \u2013 Dein Weg zu innerer Ruhe (4 Wochen)&#8220; bietet eine effektive L\u00f6sung, die direkt im Arbeitsalltag greift. F\u00fcr Ihre Mitarbeiter bedeutet [&hellip;]\" \/>\n<meta property=\"og:url\" content=\"https:\/\/www.entspannter-sein.de\/\" \/>\n<meta property=\"og:site_name\" content=\"entspannter sein\" \/>\n<meta property=\"article:modified_time\" content=\"2025-05-06T14:34:44+00:00\" \/>\n<meta name=\"twitter:card\" content=\"summary_large_image\" \/>\n<meta name=\"twitter:label1\" content=\"Gesch\u00e4tzte Lesezeit\" \/>\n\t<meta name=\"twitter:data1\" content=\"1\u00a0Minute\" \/>\n<script type=\"application\/ld+json\" class=\"yoast-schema-graph\">{\"@context\":\"https:\/\/schema.org\",\"@graph\":[{\"@type\":\"WebPage\",\"@id\":\"https:\/\/www.entspannter-sein.de\/\",\"url\":\"https:\/\/www.entspannter-sein.de\/\",\"name\":\"Startseite - entspannter sein\",\"isPartOf\":{\"@id\":\"https:\/\/www.entspannter-sein.de\/#website\"},\"datePublished\":\"2024-04-08T12:42:59+00:00\",\"dateModified\":\"2025-05-06T14:34:44+00:00\",\"breadcrumb\":{\"@id\":\"https:\/\/www.entspannter-sein.de\/#breadcrumb\"},\"inLanguage\":\"de\",\"potentialAction\":[{\"@type\":\"ReadAction\",\"target\":[\"https:\/\/www.entspannter-sein.de\/\"]}]},{\"@type\":\"BreadcrumbList\",\"@id\":\"https:\/\/www.entspannter-sein.de\/#breadcrumb\",\"itemListElement\":[{\"@type\":\"ListItem\",\"position\":1,\"name\":\"Startseite\",\"item\":\"https:\/\/www.entspannter-sein.de\/\"},{\"@type\":\"ListItem\",\"position\":2,\"name\":\"Startseite\"}]},{\"@type\":\"WebSite\",\"@id\":\"https:\/\/www.entspannter-sein.de\/#website\",\"url\":\"https:\/\/www.entspannter-sein.de\/\",\"name\":\"entspannter sein\",\"description\":\"Stressreduktionskurs\",\"publisher\":{\"@id\":\"https:\/\/www.entspannter-sein.de\/#organization\"},\"potentialAction\":[{\"@type\":\"SearchAction\",\"target\":{\"@type\":\"EntryPoint\",\"urlTemplate\":\"https:\/\/www.entspannter-sein.de\/?s={search_term_string}\"},\"query-input\":{\"@type\":\"PropertyValueSpecification\",\"valueRequired\":true,\"valueName\":\"search_term_string\"}}],\"inLanguage\":\"de\"},{\"@type\":\"Organization\",\"@id\":\"https:\/\/www.entspannter-sein.de\/#organization\",\"name\":\"entspannter sein\",\"url\":\"https:\/\/www.entspannter-sein.de\/\",\"logo\":{\"@type\":\"ImageObject\",\"inLanguage\":\"de\",\"@id\":\"https:\/\/www.entspannter-sein.de\/#\/schema\/logo\/image\/\",\"url\":\"https:\/\/www.entspannter-sein.de\/wp-content\/uploads\/2022\/05\/cropped-logo-entspannter-sein.png\",\"contentUrl\":\"https:\/\/www.entspannter-sein.de\/wp-content\/uploads\/2022\/05\/cropped-logo-entspannter-sein.png\",\"width\":372,\"height\":82,\"caption\":\"entspannter sein\"},\"image\":{\"@id\":\"https:\/\/www.entspannter-sein.de\/#\/schema\/logo\/image\/\"}}]}<\/script>\n<!-- \/ Yoast SEO plugin. -->","yoast_head_json":{"title":"Startseite - entspannter sein","robots":{"index":"index","follow":"follow","max-snippet":"max-snippet:-1","max-image-preview":"max-image-preview:large","max-video-preview":"max-video-preview:-1"},"canonical":"https:\/\/www.entspannter-sein.de\/","og_locale":"de_DE","og_type":"article","og_title":"Startseite - entspannter sein","og_description":"Endlich entspannter arbeiten &amp; Stress meistern! Sie w\u00fcnschen sich entspannte und ausgeglichene Mitarbeiter? Wir haben die L\u00f6sung!&nbsp; Entdecke unsere zwei effektiven Wege zu mehr Entspannung und weniger Stress im Unternehmen Unser Programm &#8222;Entspannter sein \u2013 Dein Weg zu innerer Ruhe (4 Wochen)&#8220; bietet eine effektive L\u00f6sung, die direkt im Arbeitsalltag greift. F\u00fcr Ihre Mitarbeiter bedeutet [&hellip;]","og_url":"https:\/\/www.entspannter-sein.de\/","og_site_name":"entspannter sein","article_modified_time":"2025-05-06T14:34:44+00:00","twitter_card":"summary_large_image","twitter_misc":{"Gesch\u00e4tzte Lesezeit":"1\u00a0Minute"},"schema":{"@context":"https:\/\/schema.org","@graph":[{"@type":"WebPage","@id":"https:\/\/www.entspannter-sein.de\/","url":"https:\/\/www.entspannter-sein.de\/","name":"Startseite - entspannter sein","isPartOf":{"@id":"https:\/\/www.entspannter-sein.de\/#website"},"datePublished":"2024-04-08T12:42:59+00:00","dateModified":"2025-05-06T14:34:44+00:00","breadcrumb":{"@id":"https:\/\/www.entspannter-sein.de\/#breadcrumb"},"inLanguage":"de","potentialAction":[{"@type":"ReadAction","target":["https:\/\/www.entspannter-sein.de\/"]}]},{"@type":"BreadcrumbList","@id":"https:\/\/www.entspannter-sein.de\/#breadcrumb","itemListElement":[{"@type":"ListItem","position":1,"name":"Startseite","item":"https:\/\/www.entspannter-sein.de\/"},{"@type":"ListItem","position":2,"name":"Startseite"}]},{"@type":"WebSite","@id":"https:\/\/www.entspannter-sein.de\/#website","url":"https:\/\/www.entspannter-sein.de\/","name":"entspannter sein","description":"Stressreduktionskurs","publisher":{"@id":"https:\/\/www.entspannter-sein.de\/#organization"},"potentialAction":[{"@type":"SearchAction","target":{"@type":"EntryPoint","urlTemplate":"https:\/\/www.entspannter-sein.de\/?s={search_term_string}"},"query-input":{"@type":"PropertyValueSpecification","valueRequired":true,"valueName":"search_term_string"}}],"inLanguage":"de"},{"@type":"Organization","@id":"https:\/\/www.entspannter-sein.de\/#organization","name":"entspannter sein","url":"https:\/\/www.entspannter-sein.de\/","logo":{"@type":"ImageObject","inLanguage":"de","@id":"https:\/\/www.entspannter-sein.de\/#\/schema\/logo\/image\/","url":"https:\/\/www.entspannter-sein.de\/wp-content\/uploads\/2022\/05\/cropped-logo-entspannter-sein.png","contentUrl":"https:\/\/www.entspannter-sein.de\/wp-content\/uploads\/2022\/05\/cropped-logo-entspannter-sein.png","width":372,"height":82,"caption":"entspannter sein"},"image":{"@id":"https:\/\/www.entspannter-sein.de\/#\/schema\/logo\/image\/"}}]}},"uagb_featured_image_src":{"full":false,"thumbnail":false,"medium":false,"medium_large":false,"large":false,"1536x1536":false,"2048x2048":false,"woocommerce_thumbnail":false,"woocommerce_single":false,"woocommerce_gallery_thumbnail":false},"uagb_author_info":{"display_name":"sabineickler","author_link":"https:\/\/www.entspannter-sein.de\/?author=1"},"uagb_comment_info":0,"uagb_excerpt":"Endlich entspannter arbeiten &amp; Stress meistern! Sie w\u00fcnschen sich entspannte und ausgeglichene Mitarbeiter? Wir haben die L\u00f6sung!&nbsp; Entdecke unsere zwei effektiven Wege zu mehr Entspannung und weniger Stress im Unternehmen Unser Programm &#8222;Entspannter sein \u2013 Dein Weg zu innerer Ruhe (4 Wochen)&#8220; bietet eine effektive L\u00f6sung, die direkt im Arbeitsalltag greift. F\u00fcr Ihre Mitarbeiter bedeutet&hellip;","_links":{"self":[{"href":"https:\/\/www.entspannter-sein.de\/index.php?rest_route=\/wp\/v2\/pages\/1115","targetHints":{"allow":["GET"]}}],"collection":[{"href":"https:\/\/www.entspannter-sein.de\/index.php?rest_route=\/wp\/v2\/pages"}],"about":[{"href":"https:\/\/www.entspannter-sein.de\/index.php?rest_route=\/wp\/v2\/types\/page"}],"author":[{"embeddable":true,"href":"https:\/\/www.entspannter-sein.de\/index.php?rest_route=\/wp\/v2\/users\/1"}],"replies":[{"embeddable":true,"href":"https:\/\/www.entspannter-sein.de\/index.php?rest_route=%2Fwp%2Fv2%2Fcomments&post=1115"}],"version-history":[{"count":0,"href":"https:\/\/www.entspannter-sein.de\/index.php?rest_route=\/wp\/v2\/pages\/1115\/revisions"}],"wp:attachment":[{"href":"https:\/\/www.entspannter-sein.de\/index.php?rest_route=%2Fwp%2Fv2%2Fmedia&parent=1115"}],"curies":[{"name":"wp","href":"https:\/\/api.w.org\/{rel}","templated":true}]}}