{"id":2555,"date":"2024-08-01T13:27:00","date_gmt":"2024-08-01T11:27:00","guid":{"rendered":"https:\/\/www.sabine-ickler.de\/kunden\/michaelschurr\/?page_id=2555"},"modified":"2025-03-10T09:45:28","modified_gmt":"2025-03-10T08:45:28","slug":"was-macht-ihnen-stress","status":"publish","type":"page","link":"https:\/\/www.entspannter-sein.de\/?page_id=2555","title":{"rendered":"Was macht Ihnen Stress?"},"content":{"rendered":"\n<h1 class=\"wp-block-heading\">Was macht Ihnen Stress?<\/h1>\n\n\n\n<div class=\"wp-block-media-text is-stacked-on-mobile is-vertically-aligned-top\"><figure class=\"wp-block-media-text__media\"><img loading=\"lazy\" decoding=\"async\" width=\"1024\" height=\"617\" src=\"https:\/\/www.entspannter-sein.de\/wp-content\/uploads\/2024\/06\/02_limbisches-Profil-1024x617-2.jpg\" alt=\"\" class=\"wp-image-2250 size-full\" srcset=\"https:\/\/www.entspannter-sein.de\/wp-content\/uploads\/2024\/06\/02_limbisches-Profil-1024x617-2.jpg 1024w, https:\/\/www.entspannter-sein.de\/wp-content\/uploads\/2024\/06\/02_limbisches-Profil-1024x617-2-300x181.jpg 300w, https:\/\/www.entspannter-sein.de\/wp-content\/uploads\/2024\/06\/02_limbisches-Profil-1024x617-2-768x463.jpg 768w, https:\/\/www.entspannter-sein.de\/wp-content\/uploads\/2024\/06\/02_limbisches-Profil-1024x617-2-600x362.jpg 600w\" sizes=\"auto, (max-width: 1024px) 100vw, 1024px\" \/><\/figure><div class=\"wp-block-media-text__content\">\n<p><strong>Stressreduktion hat viel damit zu tun, Dinge zu sortieren und in den Griff zu bekommen.<\/strong> Mit dem nachfolgenden Test sehen Sie, was Sie besonders (oder vielleicht \u00fcberhaupt nicht) stresst.<\/p>\n\n\n\n<p>Bitte beantworten Sie die nachfolgenden Fragen schnell und spontan. Wenn Sie l\u00e4nger \u00fcber etwas nachdenken, bedeutet das so etwa, dass Ihr Gehirn mit Ihnen diskutieren will, und diese Diskussion k\u00f6nnen Sie nicht gewinnen.<\/p>\n\n\n\n<p><strong>Drucken Sie vorher noch das Arbeitsblatt aus dem Workbook aus und tragen Sie Ihre Ergebnisse dann dort ein.&nbsp;<\/strong><\/p>\n\n\n<style>.wp-block-kadence-advancedbtn.kb-btns2555_08cbbc-3f{gap:var(--global-kb-gap-xs, 0.5rem );justify-content:center;align-items:center;}.kt-btns2555_08cbbc-3f .kt-button{font-weight:normal;font-style:normal;}.kt-btns2555_08cbbc-3f .kt-btn-wrap-0{margin-right:5px;}.wp-block-kadence-advancedbtn.kt-btns2555_08cbbc-3f .kt-btn-wrap-0 .kt-button{color:#555555;border-color:#555555;}.wp-block-kadence-advancedbtn.kt-btns2555_08cbbc-3f .kt-btn-wrap-0 .kt-button:hover, .wp-block-kadence-advancedbtn.kt-btns2555_08cbbc-3f .kt-btn-wrap-0 .kt-button:focus{color:#ffffff;border-color:#444444;}.wp-block-kadence-advancedbtn.kt-btns2555_08cbbc-3f .kt-btn-wrap-0 .kt-button::before{display:none;}.wp-block-kadence-advancedbtn.kt-btns2555_08cbbc-3f .kt-btn-wrap-0 .kt-button:hover, .wp-block-kadence-advancedbtn.kt-btns2555_08cbbc-3f .kt-btn-wrap-0 .kt-button:focus{background:#444444;}<\/style>\n<div class=\"wp-block-kadence-advancedbtn kb-buttons-wrap kb-btns2555_08cbbc-3f\"><style>ul.menu .wp-block-kadence-advancedbtn .kb-btn2555_3fd879-88.kb-button{width:initial;}.wp-block-kadence-advancedbtn .kb-btn2555_3fd879-88.kb-button{color:var(--ast-global-color-5);background:#00346c;border-top-left-radius:25px;border-top-right-radius:25px;border-bottom-right-radius:25px;border-bottom-left-radius:25px;}.wp-block-kadence-advancedbtn .kb-btn2555_3fd879-88.kb-button:hover, .wp-block-kadence-advancedbtn .kb-btn2555_3fd879-88.kb-button:focus{color:var(--ast-global-color-5);background:var(--ast-global-color-2);}<\/style><a class=\"kb-button kt-button button kb-btn2555_3fd879-88 kt-btn-size-standard kt-btn-width-type-full kb-btn-global-fill kt-btn-has-text-true kt-btn-has-svg-false wp-block-kadence-singlebtn\" href=\"https:\/\/www.entspannter-sein.de\/?sfwd-quiz=what-stresses-you\"><span class=\"kt-btn-inner-text\">Zum Test<\/span><\/a><\/div>\n<\/div><\/div>\n","protected":false},"excerpt":{"rendered":"<p>Was macht Ihnen Stress?<\/p>\n","protected":false},"author":1,"featured_media":0,"parent":0,"menu_order":0,"comment_status":"closed","ping_status":"closed","template":"","meta":{"_uag_custom_page_level_css":"","site-sidebar-layout":"default","site-content-layout":"","ast-site-content-layout":"default","site-content-style":"default","site-sidebar-style":"default","ast-global-header-display":"","ast-banner-title-visibility":"","ast-main-header-display":"","ast-hfb-above-header-display":"","ast-hfb-below-header-display":"","ast-hfb-mobile-header-display":"","site-post-title":"","ast-breadcrumbs-content":"","ast-featured-img":"","footer-sml-layout":"","ast-disable-related-posts":"","theme-transparent-header-meta":"","adv-header-id-meta":"","stick-header-meta":"","header-above-stick-meta":"","header-main-stick-meta":"","header-below-stick-meta":"","astra-migrate-meta-layouts":"set","ast-page-background-enabled":"default","ast-page-background-meta":{"desktop":{"background-color":"var(--ast-global-color-4)","background-image":"","background-repeat":"repeat","background-position":"center center","background-size":"auto","background-attachment":"scroll","background-type":"","background-media":"","overlay-type":"","overlay-color":"","overlay-opacity":"","overlay-gradient":""},"tablet":{"background-color":"","background-image":"","background-repeat":"repeat","background-position":"center center","background-size":"auto","background-attachment":"scroll","background-type":"","background-media":"","overlay-type":"","overlay-color":"","overlay-opacity":"","overlay-gradient":""},"mobile":{"background-color":"","background-image":"","background-repeat":"repeat","background-position":"center center","background-size":"auto","background-attachment":"scroll","background-type":"","background-media":"","overlay-type":"","overlay-color":"","overlay-opacity":"","overlay-gradient":""}},"ast-content-background-meta":{"desktop":{"background-color":"var(--ast-global-color-5)","background-image":"","background-repeat":"repeat","background-position":"center center","background-size":"auto","background-attachment":"scroll","background-type":"","background-media":"","overlay-type":"","overlay-color":"","overlay-opacity":"","overlay-gradient":""},"tablet":{"background-color":"var(--ast-global-color-5)","background-image":"","background-repeat":"repeat","background-position":"center center","background-size":"auto","background-attachment":"scroll","background-type":"","background-media":"","overlay-type":"","overlay-color":"","overlay-opacity":"","overlay-gradient":""},"mobile":{"background-color":"var(--ast-global-color-5)","background-image":"","background-repeat":"repeat","background-position":"center center","background-size":"auto","background-attachment":"scroll","background-type":"","background-media":"","overlay-type":"","overlay-color":"","overlay-opacity":"","overlay-gradient":""}},"footnotes":""},"class_list":["post-2555","page","type-page","status-publish","hentry"],"yoast_head":"<!-- This site is optimized with the Yoast SEO plugin v25.2 - https:\/\/yoast.com\/wordpress\/plugins\/seo\/ -->\n<title>Was macht Ihnen Stress? - entspannter sein<\/title>\n<meta name=\"robots\" content=\"index, follow, max-snippet:-1, max-image-preview:large, max-video-preview:-1\" \/>\n<link rel=\"canonical\" href=\"https:\/\/www.entspannter-sein.de\/?page_id=2555\" \/>\n<meta property=\"og:locale\" content=\"de_DE\" \/>\n<meta property=\"og:type\" content=\"article\" \/>\n<meta property=\"og:title\" content=\"Was macht Ihnen Stress? - entspannter sein\" \/>\n<meta property=\"og:description\" content=\"Was macht Ihnen Stress?\" \/>\n<meta property=\"og:url\" content=\"https:\/\/www.entspannter-sein.de\/?page_id=2555\" \/>\n<meta property=\"og:site_name\" content=\"entspannter sein\" \/>\n<meta property=\"article:modified_time\" content=\"2025-03-10T08:45:28+00:00\" \/>\n<meta property=\"og:image\" content=\"https:\/\/www.entspannter-sein.de\/wp-content\/uploads\/2024\/06\/02_limbisches-Profil-1024x617-2.jpg\" \/>\n<meta name=\"twitter:card\" content=\"summary_large_image\" \/>\n<script type=\"application\/ld+json\" class=\"yoast-schema-graph\">{\"@context\":\"https:\/\/schema.org\",\"@graph\":[{\"@type\":\"WebPage\",\"@id\":\"https:\/\/www.entspannter-sein.de\/?page_id=2555\",\"url\":\"https:\/\/www.entspannter-sein.de\/?page_id=2555\",\"name\":\"Was macht Ihnen Stress? - entspannter sein\",\"isPartOf\":{\"@id\":\"https:\/\/www.entspannter-sein.de\/#website\"},\"primaryImageOfPage\":{\"@id\":\"https:\/\/www.entspannter-sein.de\/?page_id=2555#primaryimage\"},\"image\":{\"@id\":\"https:\/\/www.entspannter-sein.de\/?page_id=2555#primaryimage\"},\"thumbnailUrl\":\"https:\/\/www.entspannter-sein.de\/wp-content\/uploads\/2024\/06\/02_limbisches-Profil-1024x617-2.jpg\",\"datePublished\":\"2024-08-01T11:27:00+00:00\",\"dateModified\":\"2025-03-10T08:45:28+00:00\",\"breadcrumb\":{\"@id\":\"https:\/\/www.entspannter-sein.de\/?page_id=2555#breadcrumb\"},\"inLanguage\":\"de\",\"potentialAction\":[{\"@type\":\"ReadAction\",\"target\":[\"https:\/\/www.entspannter-sein.de\/?page_id=2555\"]}]},{\"@type\":\"ImageObject\",\"inLanguage\":\"de\",\"@id\":\"https:\/\/www.entspannter-sein.de\/?page_id=2555#primaryimage\",\"url\":\"https:\/\/www.entspannter-sein.de\/wp-content\/uploads\/2024\/06\/02_limbisches-Profil-1024x617-2.jpg\",\"contentUrl\":\"https:\/\/www.entspannter-sein.de\/wp-content\/uploads\/2024\/06\/02_limbisches-Profil-1024x617-2.jpg\",\"width\":1024,\"height\":617},{\"@type\":\"BreadcrumbList\",\"@id\":\"https:\/\/www.entspannter-sein.de\/?page_id=2555#breadcrumb\",\"itemListElement\":[{\"@type\":\"ListItem\",\"position\":1,\"name\":\"Startseite\",\"item\":\"https:\/\/www.entspannter-sein.de\/\"},{\"@type\":\"ListItem\",\"position\":2,\"name\":\"Was macht Ihnen Stress?\"}]},{\"@type\":\"WebSite\",\"@id\":\"https:\/\/www.entspannter-sein.de\/#website\",\"url\":\"https:\/\/www.entspannter-sein.de\/\",\"name\":\"entspannter sein\",\"description\":\"Stressreduktionskurs\",\"publisher\":{\"@id\":\"https:\/\/www.entspannter-sein.de\/#organization\"},\"potentialAction\":[{\"@type\":\"SearchAction\",\"target\":{\"@type\":\"EntryPoint\",\"urlTemplate\":\"https:\/\/www.entspannter-sein.de\/?s={search_term_string}\"},\"query-input\":{\"@type\":\"PropertyValueSpecification\",\"valueRequired\":true,\"valueName\":\"search_term_string\"}}],\"inLanguage\":\"de\"},{\"@type\":\"Organization\",\"@id\":\"https:\/\/www.entspannter-sein.de\/#organization\",\"name\":\"entspannter sein\",\"url\":\"https:\/\/www.entspannter-sein.de\/\",\"logo\":{\"@type\":\"ImageObject\",\"inLanguage\":\"de\",\"@id\":\"https:\/\/www.entspannter-sein.de\/#\/schema\/logo\/image\/\",\"url\":\"https:\/\/www.entspannter-sein.de\/wp-content\/uploads\/2022\/05\/cropped-logo-entspannter-sein.png\",\"contentUrl\":\"https:\/\/www.entspannter-sein.de\/wp-content\/uploads\/2022\/05\/cropped-logo-entspannter-sein.png\",\"width\":372,\"height\":82,\"caption\":\"entspannter sein\"},\"image\":{\"@id\":\"https:\/\/www.entspannter-sein.de\/#\/schema\/logo\/image\/\"}}]}<\/script>\n<!-- \/ Yoast SEO plugin. -->","yoast_head_json":{"title":"Was macht Ihnen Stress? - entspannter sein","robots":{"index":"index","follow":"follow","max-snippet":"max-snippet:-1","max-image-preview":"max-image-preview:large","max-video-preview":"max-video-preview:-1"},"canonical":"https:\/\/www.entspannter-sein.de\/?page_id=2555","og_locale":"de_DE","og_type":"article","og_title":"Was macht Ihnen Stress? - entspannter sein","og_description":"Was macht Ihnen Stress?","og_url":"https:\/\/www.entspannter-sein.de\/?page_id=2555","og_site_name":"entspannter sein","article_modified_time":"2025-03-10T08:45:28+00:00","og_image":[{"url":"https:\/\/www.entspannter-sein.de\/wp-content\/uploads\/2024\/06\/02_limbisches-Profil-1024x617-2.jpg","type":"","width":"","height":""}],"twitter_card":"summary_large_image","schema":{"@context":"https:\/\/schema.org","@graph":[{"@type":"WebPage","@id":"https:\/\/www.entspannter-sein.de\/?page_id=2555","url":"https:\/\/www.entspannter-sein.de\/?page_id=2555","name":"Was macht Ihnen Stress? - entspannter sein","isPartOf":{"@id":"https:\/\/www.entspannter-sein.de\/#website"},"primaryImageOfPage":{"@id":"https:\/\/www.entspannter-sein.de\/?page_id=2555#primaryimage"},"image":{"@id":"https:\/\/www.entspannter-sein.de\/?page_id=2555#primaryimage"},"thumbnailUrl":"https:\/\/www.entspannter-sein.de\/wp-content\/uploads\/2024\/06\/02_limbisches-Profil-1024x617-2.jpg","datePublished":"2024-08-01T11:27:00+00:00","dateModified":"2025-03-10T08:45:28+00:00","breadcrumb":{"@id":"https:\/\/www.entspannter-sein.de\/?page_id=2555#breadcrumb"},"inLanguage":"de","potentialAction":[{"@type":"ReadAction","target":["https:\/\/www.entspannter-sein.de\/?page_id=2555"]}]},{"@type":"ImageObject","inLanguage":"de","@id":"https:\/\/www.entspannter-sein.de\/?page_id=2555#primaryimage","url":"https:\/\/www.entspannter-sein.de\/wp-content\/uploads\/2024\/06\/02_limbisches-Profil-1024x617-2.jpg","contentUrl":"https:\/\/www.entspannter-sein.de\/wp-content\/uploads\/2024\/06\/02_limbisches-Profil-1024x617-2.jpg","width":1024,"height":617},{"@type":"BreadcrumbList","@id":"https:\/\/www.entspannter-sein.de\/?page_id=2555#breadcrumb","itemListElement":[{"@type":"ListItem","position":1,"name":"Startseite","item":"https:\/\/www.entspannter-sein.de\/"},{"@type":"ListItem","position":2,"name":"Was macht Ihnen Stress?"}]},{"@type":"WebSite","@id":"https:\/\/www.entspannter-sein.de\/#website","url":"https:\/\/www.entspannter-sein.de\/","name":"entspannter sein","description":"Stressreduktionskurs","publisher":{"@id":"https:\/\/www.entspannter-sein.de\/#organization"},"potentialAction":[{"@type":"SearchAction","target":{"@type":"EntryPoint","urlTemplate":"https:\/\/www.entspannter-sein.de\/?s={search_term_string}"},"query-input":{"@type":"PropertyValueSpecification","valueRequired":true,"valueName":"search_term_string"}}],"inLanguage":"de"},{"@type":"Organization","@id":"https:\/\/www.entspannter-sein.de\/#organization","name":"entspannter sein","url":"https:\/\/www.entspannter-sein.de\/","logo":{"@type":"ImageObject","inLanguage":"de","@id":"https:\/\/www.entspannter-sein.de\/#\/schema\/logo\/image\/","url":"https:\/\/www.entspannter-sein.de\/wp-content\/uploads\/2022\/05\/cropped-logo-entspannter-sein.png","contentUrl":"https:\/\/www.entspannter-sein.de\/wp-content\/uploads\/2022\/05\/cropped-logo-entspannter-sein.png","width":372,"height":82,"caption":"entspannter sein"},"image":{"@id":"https:\/\/www.entspannter-sein.de\/#\/schema\/logo\/image\/"}}]}},"uagb_featured_image_src":{"full":false,"thumbnail":false,"medium":false,"medium_large":false,"large":false,"1536x1536":false,"2048x2048":false,"woocommerce_thumbnail":false,"woocommerce_single":false,"woocommerce_gallery_thumbnail":false},"uagb_author_info":{"display_name":"sabineickler","author_link":"https:\/\/www.entspannter-sein.de\/?author=1"},"uagb_comment_info":0,"uagb_excerpt":"Was macht Ihnen Stress?","_links":{"self":[{"href":"https:\/\/www.entspannter-sein.de\/index.php?rest_route=\/wp\/v2\/pages\/2555","targetHints":{"allow":["GET"]}}],"collection":[{"href":"https:\/\/www.entspannter-sein.de\/index.php?rest_route=\/wp\/v2\/pages"}],"about":[{"href":"https:\/\/www.entspannter-sein.de\/index.php?rest_route=\/wp\/v2\/types\/page"}],"author":[{"embeddable":true,"href":"https:\/\/www.entspannter-sein.de\/index.php?rest_route=\/wp\/v2\/users\/1"}],"replies":[{"embeddable":true,"href":"https:\/\/www.entspannter-sein.de\/index.php?rest_route=%2Fwp%2Fv2%2Fcomments&post=2555"}],"version-history":[{"count":0,"href":"https:\/\/www.entspannter-sein.de\/index.php?rest_route=\/wp\/v2\/pages\/2555\/revisions"}],"wp:attachment":[{"href":"https:\/\/www.entspannter-sein.de\/index.php?rest_route=%2Fwp%2Fv2%2Fmedia&parent=2555"}],"curies":[{"name":"wp","href":"https:\/\/api.w.org\/{rel}","templated":true}]}}