{"id":29,"date":"2022-05-10T15:16:28","date_gmt":"2022-05-10T13:16:28","guid":{"rendered":"https:\/\/www.sabine-ickler.de\/kunden\/michaelschurr\/?page_id=29"},"modified":"2025-05-09T11:24:07","modified_gmt":"2025-05-09T09:24:07","slug":"kontakt","status":"publish","type":"page","link":"https:\/\/www.entspannter-sein.de\/?page_id=29","title":{"rendered":"Kontakt"},"content":{"rendered":"<style>.kb-row-layout-id29_7d26ea-c0 > .kt-row-column-wrap{align-content:start;}:where(.kb-row-layout-id29_7d26ea-c0 > .kt-row-column-wrap) > .wp-block-kadence-column{justify-content:start;}.kb-row-layout-id29_7d26ea-c0 > .kt-row-column-wrap{column-gap:var(--global-kb-gap-md, 2rem);row-gap:var(--global-kb-gap-md, 2rem);padding-top:var(--global-kb-spacing-sm, 1.5rem);padding-bottom:var(--global-kb-spacing-sm, 1.5rem);grid-template-columns:minmax(0, 1fr) minmax(0, 2fr);}.kb-row-layout-id29_7d26ea-c0 > .kt-row-layout-overlay{opacity:0.30;}@media all and (max-width: 1024px){.kb-row-layout-id29_7d26ea-c0 > .kt-row-column-wrap{grid-template-columns:minmax(0, 1fr) minmax(0, 2fr);}}@media all and (max-width: 767px){.kb-row-layout-id29_7d26ea-c0 > .kt-row-column-wrap{grid-template-columns:minmax(0, 1fr);}}<\/style><div class=\"kb-row-layout-wrap kb-row-layout-id29_7d26ea-c0 alignnone wp-block-kadence-rowlayout\"><div class=\"kt-row-column-wrap kt-has-2-columns kt-row-layout-right-golden kt-tab-layout-inherit kt-mobile-layout-row kt-row-valign-top\">\n<style>.kadence-column29_509e01-85 > .kt-inside-inner-col,.kadence-column29_509e01-85 > .kt-inside-inner-col:before{border-top-left-radius:0px;border-top-right-radius:0px;border-bottom-right-radius:0px;border-bottom-left-radius:0px;}.kadence-column29_509e01-85 > .kt-inside-inner-col{column-gap:var(--global-kb-gap-sm, 1rem);}.kadence-column29_509e01-85 > .kt-inside-inner-col{flex-direction:column;}.kadence-column29_509e01-85 > .kt-inside-inner-col > .aligncenter{width:100%;}.kadence-column29_509e01-85 > .kt-inside-inner-col:before{opacity:0.3;}.kadence-column29_509e01-85{position:relative;}@media all and (max-width: 1024px){.kadence-column29_509e01-85 > .kt-inside-inner-col{flex-direction:column;justify-content:center;}}@media all and (max-width: 767px){.kadence-column29_509e01-85 > .kt-inside-inner-col{flex-direction:column;justify-content:center;}}<\/style>\n<div class=\"wp-block-kadence-column kadence-column29_509e01-85 inner-column-1\"><div class=\"kt-inside-inner-col\">\n<figure class=\"wp-block-image size-full\"><img loading=\"lazy\" decoding=\"async\" width=\"665\" height=\"665\" src=\"https:\/\/www.entspannter-sein.de\/wp-content\/uploads\/2024\/11\/stressfrei-michael-schurr.jpg\" alt=\"\" class=\"wp-image-3088\" srcset=\"https:\/\/www.entspannter-sein.de\/wp-content\/uploads\/2024\/11\/stressfrei-michael-schurr.jpg 665w, https:\/\/www.entspannter-sein.de\/wp-content\/uploads\/2024\/11\/stressfrei-michael-schurr-300x300.jpg 300w, https:\/\/www.entspannter-sein.de\/wp-content\/uploads\/2024\/11\/stressfrei-michael-schurr-150x150.jpg 150w, https:\/\/www.entspannter-sein.de\/wp-content\/uploads\/2024\/11\/stressfrei-michael-schurr-600x600.jpg 600w, https:\/\/www.entspannter-sein.de\/wp-content\/uploads\/2024\/11\/stressfrei-michael-schurr-100x100.jpg 100w\" sizes=\"auto, (max-width: 665px) 100vw, 665px\" \/><\/figure>\n\n\n\n<p><\/p>\n<\/div><\/div>\n\n\n<style>.kadence-column29_5254f3-bc > .kt-inside-inner-col,.kadence-column29_5254f3-bc > .kt-inside-inner-col:before{border-top-left-radius:0px;border-top-right-radius:0px;border-bottom-right-radius:0px;border-bottom-left-radius:0px;}.kadence-column29_5254f3-bc > .kt-inside-inner-col{column-gap:var(--global-kb-gap-sm, 1rem);}.kadence-column29_5254f3-bc > .kt-inside-inner-col{flex-direction:column;}.kadence-column29_5254f3-bc > .kt-inside-inner-col > .aligncenter{width:100%;}.kadence-column29_5254f3-bc > .kt-inside-inner-col:before{opacity:0.3;}.kadence-column29_5254f3-bc{position:relative;}@media all and (max-width: 1024px){.kadence-column29_5254f3-bc > .kt-inside-inner-col{flex-direction:column;justify-content:center;}}@media all and (max-width: 767px){.kadence-column29_5254f3-bc > .kt-inside-inner-col{flex-direction:column;justify-content:center;}}<\/style>\n<div class=\"wp-block-kadence-column kadence-column29_5254f3-bc inner-column-2\"><div class=\"kt-inside-inner-col\">\n<h1 class=\"wp-block-heading\">Kontakt<\/h1>\n\n\n\n<p>Wir freuen uns \u00fcber Ihre Nachricht!<\/p>\n\n\n\n<p><strong>Michael Schurr<\/strong><br>Institut f\u00fcr Systemergonomie und Gesundheit (ISG)&nbsp;&amp;&nbsp; LQ Michael Schurr Lebensqualit\u00e4t<br>Eisenbahnstra\u00dfe 40<br>78628 Rottweil<\/p>\n\n\n\n<p><strong>Telefon: <\/strong>01772693851<br><strong>E-Mail:<\/strong> <a href=\"mailto:ms@LQ4you.de\">ms@LQ4you.de<\/a><\/p>\n<\/div><\/div>\n\n<\/div><\/div>","protected":false},"excerpt":{"rendered":"<p>Kontakt Wir freuen uns \u00fcber Ihre Nachricht! Michael SchurrInstitut f\u00fcr Systemergonomie und Gesundheit (ISG)&nbsp;&amp;&nbsp; LQ Michael Schurr Lebensqualit\u00e4tEisenbahnstra\u00dfe 4078628 Rottweil Telefon: 01772693851E-Mail: ms@LQ4you.de<\/p>\n","protected":false},"author":1,"featured_media":0,"parent":0,"menu_order":0,"comment_status":"closed","ping_status":"closed","template":"","meta":{"_uag_custom_page_level_css":"","site-sidebar-layout":"default","site-content-layout":"","ast-site-content-layout":"default","site-content-style":"default","site-sidebar-style":"default","ast-global-header-display":"","ast-banner-title-visibility":"","ast-main-header-display":"","ast-hfb-above-header-display":"","ast-hfb-below-header-display":"","ast-hfb-mobile-header-display":"","site-post-title":"","ast-breadcrumbs-content":"","ast-featured-img":"","footer-sml-layout":"","ast-disable-related-posts":"","theme-transparent-header-meta":"","adv-header-id-meta":"","stick-header-meta":"","header-above-stick-meta":"","header-main-stick-meta":"","header-below-stick-meta":"","astra-migrate-meta-layouts":"set","ast-page-background-enabled":"default","ast-page-background-meta":{"desktop":{"background-color":"var(--ast-global-color-4)","background-image":"","background-repeat":"repeat","background-position":"center center","background-size":"auto","background-attachment":"scroll","background-type":"","background-media":"","overlay-type":"","overlay-color":"","overlay-opacity":"","overlay-gradient":""},"tablet":{"background-color":"","background-image":"","background-repeat":"repeat","background-position":"center center","background-size":"auto","background-attachment":"scroll","background-type":"","background-media":"","overlay-type":"","overlay-color":"","overlay-opacity":"","overlay-gradient":""},"mobile":{"background-color":"","background-image":"","background-repeat":"repeat","background-position":"center center","background-size":"auto","background-attachment":"scroll","background-type":"","background-media":"","overlay-type":"","overlay-color":"","overlay-opacity":"","overlay-gradient":""}},"ast-content-background-meta":{"desktop":{"background-color":"var(--ast-global-color-5)","background-image":"","background-repeat":"repeat","background-position":"center center","background-size":"auto","background-attachment":"scroll","background-type":"","background-media":"","overlay-type":"","overlay-color":"","overlay-opacity":"","overlay-gradient":""},"tablet":{"background-color":"var(--ast-global-color-5)","background-image":"","background-repeat":"repeat","background-position":"center center","background-size":"auto","background-attachment":"scroll","background-type":"","background-media":"","overlay-type":"","overlay-color":"","overlay-opacity":"","overlay-gradient":""},"mobile":{"background-color":"var(--ast-global-color-5)","background-image":"","background-repeat":"repeat","background-position":"center center","background-size":"auto","background-attachment":"scroll","background-type":"","background-media":"","overlay-type":"","overlay-color":"","overlay-opacity":"","overlay-gradient":""}},"footnotes":""},"class_list":["post-29","page","type-page","status-publish","hentry"],"yoast_head":"<!-- This site is optimized with the Yoast SEO plugin v25.2 - https:\/\/yoast.com\/wordpress\/plugins\/seo\/ -->\n<title>Kontakt - entspannter sein<\/title>\n<meta name=\"robots\" content=\"index, follow, max-snippet:-1, max-image-preview:large, max-video-preview:-1\" \/>\n<link rel=\"canonical\" href=\"https:\/\/www.entspannter-sein.de\/?page_id=29\" \/>\n<meta property=\"og:locale\" content=\"de_DE\" \/>\n<meta property=\"og:type\" content=\"article\" \/>\n<meta property=\"og:title\" content=\"Kontakt - entspannter sein\" \/>\n<meta property=\"og:description\" content=\"Kontakt Wir freuen uns \u00fcber Ihre Nachricht! Michael SchurrInstitut f\u00fcr Systemergonomie und Gesundheit (ISG)&nbsp;&amp;&nbsp; LQ Michael Schurr Lebensqualit\u00e4tEisenbahnstra\u00dfe 4078628 Rottweil Telefon: 01772693851E-Mail: ms@LQ4you.de\" \/>\n<meta property=\"og:url\" content=\"https:\/\/www.entspannter-sein.de\/?page_id=29\" \/>\n<meta property=\"og:site_name\" content=\"entspannter sein\" \/>\n<meta property=\"article:modified_time\" content=\"2025-05-09T09:24:07+00:00\" \/>\n<meta property=\"og:image\" content=\"https:\/\/www.entspannter-sein.de\/wp-content\/uploads\/2024\/11\/stressfrei-michael-schurr.jpg\" \/>\n\t<meta property=\"og:image:width\" content=\"665\" \/>\n\t<meta property=\"og:image:height\" content=\"665\" \/>\n\t<meta property=\"og:image:type\" content=\"image\/jpeg\" \/>\n<meta name=\"twitter:card\" content=\"summary_large_image\" \/>\n<meta name=\"twitter:label1\" content=\"Gesch\u00e4tzte Lesezeit\" \/>\n\t<meta name=\"twitter:data1\" content=\"1\u00a0Minute\" \/>\n<script type=\"application\/ld+json\" class=\"yoast-schema-graph\">{\"@context\":\"https:\/\/schema.org\",\"@graph\":[{\"@type\":\"WebPage\",\"@id\":\"https:\/\/www.entspannter-sein.de\/?page_id=29\",\"url\":\"https:\/\/www.entspannter-sein.de\/?page_id=29\",\"name\":\"Kontakt - entspannter sein\",\"isPartOf\":{\"@id\":\"https:\/\/www.entspannter-sein.de\/#website\"},\"primaryImageOfPage\":{\"@id\":\"https:\/\/www.entspannter-sein.de\/?page_id=29#primaryimage\"},\"image\":{\"@id\":\"https:\/\/www.entspannter-sein.de\/?page_id=29#primaryimage\"},\"thumbnailUrl\":\"https:\/\/www.entspannter-sein.de\/wp-content\/uploads\/2024\/11\/stressfrei-michael-schurr.jpg\",\"datePublished\":\"2022-05-10T13:16:28+00:00\",\"dateModified\":\"2025-05-09T09:24:07+00:00\",\"breadcrumb\":{\"@id\":\"https:\/\/www.entspannter-sein.de\/?page_id=29#breadcrumb\"},\"inLanguage\":\"de\",\"potentialAction\":[{\"@type\":\"ReadAction\",\"target\":[\"https:\/\/www.entspannter-sein.de\/?page_id=29\"]}]},{\"@type\":\"ImageObject\",\"inLanguage\":\"de\",\"@id\":\"https:\/\/www.entspannter-sein.de\/?page_id=29#primaryimage\",\"url\":\"https:\/\/www.entspannter-sein.de\/wp-content\/uploads\/2024\/11\/stressfrei-michael-schurr.jpg\",\"contentUrl\":\"https:\/\/www.entspannter-sein.de\/wp-content\/uploads\/2024\/11\/stressfrei-michael-schurr.jpg\",\"width\":665,\"height\":665},{\"@type\":\"BreadcrumbList\",\"@id\":\"https:\/\/www.entspannter-sein.de\/?page_id=29#breadcrumb\",\"itemListElement\":[{\"@type\":\"ListItem\",\"position\":1,\"name\":\"Startseite\",\"item\":\"https:\/\/www.entspannter-sein.de\/\"},{\"@type\":\"ListItem\",\"position\":2,\"name\":\"Kontakt\"}]},{\"@type\":\"WebSite\",\"@id\":\"https:\/\/www.entspannter-sein.de\/#website\",\"url\":\"https:\/\/www.entspannter-sein.de\/\",\"name\":\"entspannter sein\",\"description\":\"Stressreduktionskurs\",\"publisher\":{\"@id\":\"https:\/\/www.entspannter-sein.de\/#organization\"},\"potentialAction\":[{\"@type\":\"SearchAction\",\"target\":{\"@type\":\"EntryPoint\",\"urlTemplate\":\"https:\/\/www.entspannter-sein.de\/?s={search_term_string}\"},\"query-input\":{\"@type\":\"PropertyValueSpecification\",\"valueRequired\":true,\"valueName\":\"search_term_string\"}}],\"inLanguage\":\"de\"},{\"@type\":\"Organization\",\"@id\":\"https:\/\/www.entspannter-sein.de\/#organization\",\"name\":\"entspannter sein\",\"url\":\"https:\/\/www.entspannter-sein.de\/\",\"logo\":{\"@type\":\"ImageObject\",\"inLanguage\":\"de\",\"@id\":\"https:\/\/www.entspannter-sein.de\/#\/schema\/logo\/image\/\",\"url\":\"https:\/\/www.entspannter-sein.de\/wp-content\/uploads\/2022\/05\/cropped-logo-entspannter-sein.png\",\"contentUrl\":\"https:\/\/www.entspannter-sein.de\/wp-content\/uploads\/2022\/05\/cropped-logo-entspannter-sein.png\",\"width\":372,\"height\":82,\"caption\":\"entspannter sein\"},\"image\":{\"@id\":\"https:\/\/www.entspannter-sein.de\/#\/schema\/logo\/image\/\"}}]}<\/script>\n<!-- \/ Yoast SEO plugin. -->","yoast_head_json":{"title":"Kontakt - entspannter sein","robots":{"index":"index","follow":"follow","max-snippet":"max-snippet:-1","max-image-preview":"max-image-preview:large","max-video-preview":"max-video-preview:-1"},"canonical":"https:\/\/www.entspannter-sein.de\/?page_id=29","og_locale":"de_DE","og_type":"article","og_title":"Kontakt - entspannter sein","og_description":"Kontakt Wir freuen uns \u00fcber Ihre Nachricht! Michael SchurrInstitut f\u00fcr Systemergonomie und Gesundheit (ISG)&nbsp;&amp;&nbsp; LQ Michael Schurr Lebensqualit\u00e4tEisenbahnstra\u00dfe 4078628 Rottweil Telefon: 01772693851E-Mail: ms@LQ4you.de","og_url":"https:\/\/www.entspannter-sein.de\/?page_id=29","og_site_name":"entspannter sein","article_modified_time":"2025-05-09T09:24:07+00:00","og_image":[{"width":665,"height":665,"url":"https:\/\/www.entspannter-sein.de\/wp-content\/uploads\/2024\/11\/stressfrei-michael-schurr.jpg","type":"image\/jpeg"}],"twitter_card":"summary_large_image","twitter_misc":{"Gesch\u00e4tzte Lesezeit":"1\u00a0Minute"},"schema":{"@context":"https:\/\/schema.org","@graph":[{"@type":"WebPage","@id":"https:\/\/www.entspannter-sein.de\/?page_id=29","url":"https:\/\/www.entspannter-sein.de\/?page_id=29","name":"Kontakt - entspannter sein","isPartOf":{"@id":"https:\/\/www.entspannter-sein.de\/#website"},"primaryImageOfPage":{"@id":"https:\/\/www.entspannter-sein.de\/?page_id=29#primaryimage"},"image":{"@id":"https:\/\/www.entspannter-sein.de\/?page_id=29#primaryimage"},"thumbnailUrl":"https:\/\/www.entspannter-sein.de\/wp-content\/uploads\/2024\/11\/stressfrei-michael-schurr.jpg","datePublished":"2022-05-10T13:16:28+00:00","dateModified":"2025-05-09T09:24:07+00:00","breadcrumb":{"@id":"https:\/\/www.entspannter-sein.de\/?page_id=29#breadcrumb"},"inLanguage":"de","potentialAction":[{"@type":"ReadAction","target":["https:\/\/www.entspannter-sein.de\/?page_id=29"]}]},{"@type":"ImageObject","inLanguage":"de","@id":"https:\/\/www.entspannter-sein.de\/?page_id=29#primaryimage","url":"https:\/\/www.entspannter-sein.de\/wp-content\/uploads\/2024\/11\/stressfrei-michael-schurr.jpg","contentUrl":"https:\/\/www.entspannter-sein.de\/wp-content\/uploads\/2024\/11\/stressfrei-michael-schurr.jpg","width":665,"height":665},{"@type":"BreadcrumbList","@id":"https:\/\/www.entspannter-sein.de\/?page_id=29#breadcrumb","itemListElement":[{"@type":"ListItem","position":1,"name":"Startseite","item":"https:\/\/www.entspannter-sein.de\/"},{"@type":"ListItem","position":2,"name":"Kontakt"}]},{"@type":"WebSite","@id":"https:\/\/www.entspannter-sein.de\/#website","url":"https:\/\/www.entspannter-sein.de\/","name":"entspannter sein","description":"Stressreduktionskurs","publisher":{"@id":"https:\/\/www.entspannter-sein.de\/#organization"},"potentialAction":[{"@type":"SearchAction","target":{"@type":"EntryPoint","urlTemplate":"https:\/\/www.entspannter-sein.de\/?s={search_term_string}"},"query-input":{"@type":"PropertyValueSpecification","valueRequired":true,"valueName":"search_term_string"}}],"inLanguage":"de"},{"@type":"Organization","@id":"https:\/\/www.entspannter-sein.de\/#organization","name":"entspannter sein","url":"https:\/\/www.entspannter-sein.de\/","logo":{"@type":"ImageObject","inLanguage":"de","@id":"https:\/\/www.entspannter-sein.de\/#\/schema\/logo\/image\/","url":"https:\/\/www.entspannter-sein.de\/wp-content\/uploads\/2022\/05\/cropped-logo-entspannter-sein.png","contentUrl":"https:\/\/www.entspannter-sein.de\/wp-content\/uploads\/2022\/05\/cropped-logo-entspannter-sein.png","width":372,"height":82,"caption":"entspannter sein"},"image":{"@id":"https:\/\/www.entspannter-sein.de\/#\/schema\/logo\/image\/"}}]}},"uagb_featured_image_src":{"full":false,"thumbnail":false,"medium":false,"medium_large":false,"large":false,"1536x1536":false,"2048x2048":false,"woocommerce_thumbnail":false,"woocommerce_single":false,"woocommerce_gallery_thumbnail":false},"uagb_author_info":{"display_name":"sabineickler","author_link":"https:\/\/www.entspannter-sein.de\/?author=1"},"uagb_comment_info":0,"uagb_excerpt":"Kontakt Wir freuen uns \u00fcber Ihre Nachricht! Michael SchurrInstitut f\u00fcr Systemergonomie und Gesundheit (ISG)&nbsp;&amp;&nbsp; LQ Michael Schurr Lebensqualit\u00e4tEisenbahnstra\u00dfe 4078628 Rottweil Telefon: 01772693851E-Mail: ms@LQ4you.de","_links":{"self":[{"href":"https:\/\/www.entspannter-sein.de\/index.php?rest_route=\/wp\/v2\/pages\/29","targetHints":{"allow":["GET"]}}],"collection":[{"href":"https:\/\/www.entspannter-sein.de\/index.php?rest_route=\/wp\/v2\/pages"}],"about":[{"href":"https:\/\/www.entspannter-sein.de\/index.php?rest_route=\/wp\/v2\/types\/page"}],"author":[{"embeddable":true,"href":"https:\/\/www.entspannter-sein.de\/index.php?rest_route=\/wp\/v2\/users\/1"}],"replies":[{"embeddable":true,"href":"https:\/\/www.entspannter-sein.de\/index.php?rest_route=%2Fwp%2Fv2%2Fcomments&post=29"}],"version-history":[{"count":0,"href":"https:\/\/www.entspannter-sein.de\/index.php?rest_route=\/wp\/v2\/pages\/29\/revisions"}],"wp:attachment":[{"href":"https:\/\/www.entspannter-sein.de\/index.php?rest_route=%2Fwp%2Fv2%2Fmedia&parent=29"}],"curies":[{"name":"wp","href":"https:\/\/api.w.org\/{rel}","templated":true}]}}