{"id":2901,"date":"2024-09-10T10:50:39","date_gmt":"2024-09-10T08:50:39","guid":{"rendered":"https:\/\/www.sabine-ickler.de\/kunden\/michaelschurr\/?page_id=2901"},"modified":"2024-09-10T13:06:15","modified_gmt":"2024-09-10T11:06:15","slug":"stresswiderstands-test","status":"publish","type":"page","link":"https:\/\/www.entspannter-sein.de\/?page_id=2901","title":{"rendered":"Stresswiderstands Test"},"content":{"rendered":"\n<h1 class=\"wp-block-heading\">Stresswiderstands Test<\/h1>\n\n\n<style>.kb-row-layout-id2901_ffdedb-b0 > .kt-row-column-wrap{align-content:start;}:where(.kb-row-layout-id2901_ffdedb-b0 > .kt-row-column-wrap) > .wp-block-kadence-column{justify-content:start;}.kb-row-layout-id2901_ffdedb-b0 > .kt-row-column-wrap{column-gap:var(--global-kb-gap-md, 2rem);row-gap:var(--global-kb-gap-md, 2rem);padding-top:var(--global-kb-spacing-sm, 1.5rem);padding-bottom:var(--global-kb-spacing-sm, 1.5rem);grid-template-columns:repeat(2, minmax(0, 1fr));}.kb-row-layout-id2901_ffdedb-b0 > .kt-row-layout-overlay{opacity:0.30;}@media all and (max-width: 1024px){.kb-row-layout-id2901_ffdedb-b0 > .kt-row-column-wrap{grid-template-columns:repeat(2, minmax(0, 1fr));}}@media all and (max-width: 767px){.kb-row-layout-id2901_ffdedb-b0 > .kt-row-column-wrap{grid-template-columns:minmax(0, 1fr);}}<\/style><div class=\"kb-row-layout-wrap kb-row-layout-id2901_ffdedb-b0 alignnone wp-block-kadence-rowlayout\"><div class=\"kt-row-column-wrap kt-has-2-columns kt-row-layout-equal kt-tab-layout-inherit kt-mobile-layout-row kt-row-valign-top\">\n<style>.kadence-column2901_acca0d-a2 > .kt-inside-inner-col,.kadence-column2901_acca0d-a2 > .kt-inside-inner-col:before{border-top-left-radius:0px;border-top-right-radius:0px;border-bottom-right-radius:0px;border-bottom-left-radius:0px;}.kadence-column2901_acca0d-a2 > .kt-inside-inner-col{column-gap:var(--global-kb-gap-sm, 1rem);}.kadence-column2901_acca0d-a2 > .kt-inside-inner-col{flex-direction:column;}.kadence-column2901_acca0d-a2 > .kt-inside-inner-col > .aligncenter{width:100%;}.kadence-column2901_acca0d-a2 > .kt-inside-inner-col:before{opacity:0.3;}.kadence-column2901_acca0d-a2{position:relative;}@media all and (max-width: 1024px){.kadence-column2901_acca0d-a2 > .kt-inside-inner-col{flex-direction:column;justify-content:center;}}@media all and (max-width: 767px){.kadence-column2901_acca0d-a2 > .kt-inside-inner-col{flex-direction:column;justify-content:center;}}<\/style>\n<div class=\"wp-block-kadence-column kadence-column2901_acca0d-a2\"><div class=\"kt-inside-inner-col\">\n<figure class=\"wp-block-image size-large\"><img loading=\"lazy\" decoding=\"async\" width=\"1024\" height=\"679\" src=\"https:\/\/www.entspannter-sein.de\/wp-content\/uploads\/2022\/05\/salutogenesetest2a-1024x679.jpg\" alt=\"\" class=\"wp-image-970\" srcset=\"https:\/\/www.entspannter-sein.de\/wp-content\/uploads\/2022\/05\/salutogenesetest2a-1024x679.jpg 1024w, https:\/\/www.entspannter-sein.de\/wp-content\/uploads\/2022\/05\/salutogenesetest2a-300x199.jpg 300w, https:\/\/www.entspannter-sein.de\/wp-content\/uploads\/2022\/05\/salutogenesetest2a-768x509.jpg 768w, https:\/\/www.entspannter-sein.de\/wp-content\/uploads\/2022\/05\/salutogenesetest2a-1536x1018.jpg 1536w, https:\/\/www.entspannter-sein.de\/wp-content\/uploads\/2022\/05\/salutogenesetest2a-600x398.jpg 600w, https:\/\/www.entspannter-sein.de\/wp-content\/uploads\/2022\/05\/salutogenesetest2a.jpg 2000w\" sizes=\"auto, (max-width: 1024px) 100vw, 1024px\" \/><\/figure>\n<\/div><\/div>\n\n\n<style>.kadence-column2901_18b303-3a > .kt-inside-inner-col,.kadence-column2901_18b303-3a > .kt-inside-inner-col:before{border-top-left-radius:0px;border-top-right-radius:0px;border-bottom-right-radius:0px;border-bottom-left-radius:0px;}.kadence-column2901_18b303-3a > .kt-inside-inner-col{column-gap:var(--global-kb-gap-sm, 1rem);}.kadence-column2901_18b303-3a > .kt-inside-inner-col{flex-direction:column;}.kadence-column2901_18b303-3a > .kt-inside-inner-col > .aligncenter{width:100%;}.kadence-column2901_18b303-3a > .kt-inside-inner-col:before{opacity:0.3;}.kadence-column2901_18b303-3a{position:relative;}@media all and (max-width: 1024px){.kadence-column2901_18b303-3a > .kt-inside-inner-col{flex-direction:column;justify-content:center;}}@media all and (max-width: 767px){.kadence-column2901_18b303-3a > .kt-inside-inner-col{flex-direction:column;justify-content:center;}}<\/style>\n<div class=\"wp-block-kadence-column kadence-column2901_18b303-3a\"><div class=\"kt-inside-inner-col\">\n<p>Beantworten Sie die nachfolgenden Fragen m\u00f6glichst spontan und ehrlich. <strong>Zur Differenzierung k\u00f6nnen Sie diesmal Werte zwischen 1 und 5 angeben. Die Formulierungen stellen jeweils die beiden Extreme dar, geben Sie 1 bzw. 5 Punkte, wenn sie vollst\u00e4ndig zutreffen. Geben Sie eine geringere bzw. h\u00f6here Punktzahl, wenn Sie irgendwo dazwischen liegen.<\/strong><\/p>\n\n\n\n<p>Es liegt in der Natur dieses Tests, dass einige Fragen <strong>zum Nachdenken anregen oder vielleicht sogar etwas unangenehm sind<\/strong>. Sie werden in diesem Onlinekurs M\u00f6glichkeiten erlernen, an Ihren Werten in den einzelnen Bereichen zu arbeiten.<\/p>\n\n\n\n<p>Es ist menschlich, sich schon jetzt ein bisschen besser schummeln zu wollen, um besser dazustehen (unser Gehirn ist unglaublich eitel). A<strong>ber damit nehmen Sie sich ein St\u00fcck des Erfolgs,<\/strong> den Sie nachher haben k\u00f6nnten. Denn es geht ja darum, zu lernen, sich zu ver\u00e4ndern, und auch an Krisen zu wachsen!<br><strong><br>Bitte w\u00e4hlen Sie nur jeweils eine Antwort pro Frage aus<\/strong>!<\/p>\n\n\n<style>.wp-block-kadence-advancedbtn.kb-btns2901_915592-5a{gap:var(--global-kb-gap-xs, 0.5rem );justify-content:center;align-items:center;}.kt-btns2901_915592-5a .kt-button{font-weight:normal;font-style:normal;}.kt-btns2901_915592-5a .kt-btn-wrap-0{margin-right:5px;}.wp-block-kadence-advancedbtn.kt-btns2901_915592-5a .kt-btn-wrap-0 .kt-button{color:#555555;border-color:#555555;}.wp-block-kadence-advancedbtn.kt-btns2901_915592-5a .kt-btn-wrap-0 .kt-button:hover, .wp-block-kadence-advancedbtn.kt-btns2901_915592-5a .kt-btn-wrap-0 .kt-button:focus{color:#ffffff;border-color:#444444;}.wp-block-kadence-advancedbtn.kt-btns2901_915592-5a .kt-btn-wrap-0 .kt-button::before{display:none;}.wp-block-kadence-advancedbtn.kt-btns2901_915592-5a .kt-btn-wrap-0 .kt-button:hover, .wp-block-kadence-advancedbtn.kt-btns2901_915592-5a .kt-btn-wrap-0 .kt-button:focus{background:#444444;}<\/style>\n<div class=\"wp-block-kadence-advancedbtn kb-buttons-wrap kb-btns2901_915592-5a\"><style>ul.menu .wp-block-kadence-advancedbtn .kb-btn2901_7f48df-ea.kb-button{width:initial;}.wp-block-kadence-advancedbtn .kb-btn2901_7f48df-ea.kb-button{color:var(--ast-global-color-5);background:#3fa8cf;border-top-left-radius:25px;border-top-right-radius:25px;border-bottom-right-radius:25px;border-bottom-left-radius:25px;}.wp-block-kadence-advancedbtn .kb-btn2901_7f48df-ea.kb-button:hover, .wp-block-kadence-advancedbtn .kb-btn2901_7f48df-ea.kb-button:focus{color:var(--ast-global-color-5);background:var(--ast-global-color-2);}<\/style><a class=\"kb-button kt-button button kb-btn2901_7f48df-ea kt-btn-size-standard kt-btn-width-type-full kb-btn-global-fill kt-btn-has-text-true kt-btn-has-svg-false wp-block-kadence-singlebtn\" href=\"https:\/\/www.entspannter-sein.de\/quizzes\/stress-resistenz-test-2\/\"><span class=\"kt-btn-inner-text\">Zum Test<\/span><\/a><\/div>\n<\/div><\/div>\n\n<\/div><\/div>\n\n\n<p><\/p>\n","protected":false},"excerpt":{"rendered":"<p>Stresswiderstands Test Beantworten Sie die nachfolgenden Fragen m\u00f6glichst spontan und ehrlich. Zur Differenzierung k\u00f6nnen Sie diesmal Werte zwischen 1 und 5 angeben. Die Formulierungen stellen jeweils die beiden Extreme dar, geben Sie 1 bzw. 5 Punkte, wenn sie vollst\u00e4ndig zutreffen. Geben Sie eine geringere bzw. h\u00f6here Punktzahl, wenn Sie irgendwo dazwischen liegen. Es liegt in [&hellip;]<\/p>\n","protected":false},"author":1,"featured_media":0,"parent":0,"menu_order":0,"comment_status":"closed","ping_status":"closed","template":"","meta":{"_uag_custom_page_level_css":"","site-sidebar-layout":"default","site-content-layout":"","ast-site-content-layout":"default","site-content-style":"default","site-sidebar-style":"default","ast-global-header-display":"","ast-banner-title-visibility":"","ast-main-header-display":"","ast-hfb-above-header-display":"","ast-hfb-below-header-display":"","ast-hfb-mobile-header-display":"","site-post-title":"","ast-breadcrumbs-content":"","ast-featured-img":"","footer-sml-layout":"","ast-disable-related-posts":"","theme-transparent-header-meta":"","adv-header-id-meta":"","stick-header-meta":"","header-above-stick-meta":"","header-main-stick-meta":"","header-below-stick-meta":"","astra-migrate-meta-layouts":"set","ast-page-background-enabled":"default","ast-page-background-meta":{"desktop":{"background-color":"var(--ast-global-color-4)","background-image":"","background-repeat":"repeat","background-position":"center center","background-size":"auto","background-attachment":"scroll","background-type":"","background-media":"","overlay-type":"","overlay-color":"","overlay-opacity":"","overlay-gradient":""},"tablet":{"background-color":"","background-image":"","background-repeat":"repeat","background-position":"center center","background-size":"auto","background-attachment":"scroll","background-type":"","background-media":"","overlay-type":"","overlay-color":"","overlay-opacity":"","overlay-gradient":""},"mobile":{"background-color":"","background-image":"","background-repeat":"repeat","background-position":"center center","background-size":"auto","background-attachment":"scroll","background-type":"","background-media":"","overlay-type":"","overlay-color":"","overlay-opacity":"","overlay-gradient":""}},"ast-content-background-meta":{"desktop":{"background-color":"var(--ast-global-color-5)","background-image":"","background-repeat":"repeat","background-position":"center center","background-size":"auto","background-attachment":"scroll","background-type":"","background-media":"","overlay-type":"","overlay-color":"","overlay-opacity":"","overlay-gradient":""},"tablet":{"background-color":"var(--ast-global-color-5)","background-image":"","background-repeat":"repeat","background-position":"center center","background-size":"auto","background-attachment":"scroll","background-type":"","background-media":"","overlay-type":"","overlay-color":"","overlay-opacity":"","overlay-gradient":""},"mobile":{"background-color":"var(--ast-global-color-5)","background-image":"","background-repeat":"repeat","background-position":"center center","background-size":"auto","background-attachment":"scroll","background-type":"","background-media":"","overlay-type":"","overlay-color":"","overlay-opacity":"","overlay-gradient":""}},"footnotes":""},"class_list":["post-2901","page","type-page","status-publish","hentry"],"yoast_head":"<!-- This site is optimized with the Yoast SEO plugin v25.2 - https:\/\/yoast.com\/wordpress\/plugins\/seo\/ -->\n<title>Stresswiderstands Test - entspannter sein<\/title>\n<meta name=\"robots\" content=\"index, follow, max-snippet:-1, max-image-preview:large, max-video-preview:-1\" \/>\n<link rel=\"canonical\" href=\"https:\/\/www.entspannter-sein.de\/?page_id=2901\" \/>\n<meta property=\"og:locale\" content=\"de_DE\" \/>\n<meta property=\"og:type\" content=\"article\" \/>\n<meta property=\"og:title\" content=\"Stresswiderstands Test - entspannter sein\" \/>\n<meta property=\"og:description\" content=\"Stresswiderstands Test Beantworten Sie die nachfolgenden Fragen m\u00f6glichst spontan und ehrlich. Zur Differenzierung k\u00f6nnen Sie diesmal Werte zwischen 1 und 5 angeben. Die Formulierungen stellen jeweils die beiden Extreme dar, geben Sie 1 bzw. 5 Punkte, wenn sie vollst\u00e4ndig zutreffen. Geben Sie eine geringere bzw. h\u00f6here Punktzahl, wenn Sie irgendwo dazwischen liegen. Es liegt in [&hellip;]\" \/>\n<meta property=\"og:url\" content=\"https:\/\/www.entspannter-sein.de\/?page_id=2901\" \/>\n<meta property=\"og:site_name\" content=\"entspannter sein\" \/>\n<meta property=\"article:modified_time\" content=\"2024-09-10T11:06:15+00:00\" \/>\n<meta property=\"og:image\" content=\"https:\/\/www.entspannter-sein.de\/wp-content\/uploads\/2022\/05\/salutogenesetest2a-1024x679.jpg\" \/>\n<meta name=\"twitter:card\" content=\"summary_large_image\" \/>\n<meta name=\"twitter:label1\" content=\"Gesch\u00e4tzte Lesezeit\" \/>\n\t<meta name=\"twitter:data1\" content=\"1\u00a0Minute\" \/>\n<script type=\"application\/ld+json\" class=\"yoast-schema-graph\">{\"@context\":\"https:\/\/schema.org\",\"@graph\":[{\"@type\":\"WebPage\",\"@id\":\"https:\/\/www.entspannter-sein.de\/?page_id=2901\",\"url\":\"https:\/\/www.entspannter-sein.de\/?page_id=2901\",\"name\":\"Stresswiderstands Test - entspannter sein\",\"isPartOf\":{\"@id\":\"https:\/\/www.entspannter-sein.de\/#website\"},\"primaryImageOfPage\":{\"@id\":\"https:\/\/www.entspannter-sein.de\/?page_id=2901#primaryimage\"},\"image\":{\"@id\":\"https:\/\/www.entspannter-sein.de\/?page_id=2901#primaryimage\"},\"thumbnailUrl\":\"https:\/\/www.entspannter-sein.de\/wp-content\/uploads\/2022\/05\/salutogenesetest2a-1024x679.jpg\",\"datePublished\":\"2024-09-10T08:50:39+00:00\",\"dateModified\":\"2024-09-10T11:06:15+00:00\",\"breadcrumb\":{\"@id\":\"https:\/\/www.entspannter-sein.de\/?page_id=2901#breadcrumb\"},\"inLanguage\":\"de\",\"potentialAction\":[{\"@type\":\"ReadAction\",\"target\":[\"https:\/\/www.entspannter-sein.de\/?page_id=2901\"]}]},{\"@type\":\"ImageObject\",\"inLanguage\":\"de\",\"@id\":\"https:\/\/www.entspannter-sein.de\/?page_id=2901#primaryimage\",\"url\":\"https:\/\/www.entspannter-sein.de\/wp-content\/uploads\/2022\/05\/salutogenesetest2a.jpg\",\"contentUrl\":\"https:\/\/www.entspannter-sein.de\/wp-content\/uploads\/2022\/05\/salutogenesetest2a.jpg\",\"width\":2000,\"height\":1326},{\"@type\":\"BreadcrumbList\",\"@id\":\"https:\/\/www.entspannter-sein.de\/?page_id=2901#breadcrumb\",\"itemListElement\":[{\"@type\":\"ListItem\",\"position\":1,\"name\":\"Startseite\",\"item\":\"https:\/\/www.entspannter-sein.de\/\"},{\"@type\":\"ListItem\",\"position\":2,\"name\":\"Stresswiderstands Test\"}]},{\"@type\":\"WebSite\",\"@id\":\"https:\/\/www.entspannter-sein.de\/#website\",\"url\":\"https:\/\/www.entspannter-sein.de\/\",\"name\":\"entspannter sein\",\"description\":\"Stressreduktionskurs\",\"publisher\":{\"@id\":\"https:\/\/www.entspannter-sein.de\/#organization\"},\"potentialAction\":[{\"@type\":\"SearchAction\",\"target\":{\"@type\":\"EntryPoint\",\"urlTemplate\":\"https:\/\/www.entspannter-sein.de\/?s={search_term_string}\"},\"query-input\":{\"@type\":\"PropertyValueSpecification\",\"valueRequired\":true,\"valueName\":\"search_term_string\"}}],\"inLanguage\":\"de\"},{\"@type\":\"Organization\",\"@id\":\"https:\/\/www.entspannter-sein.de\/#organization\",\"name\":\"entspannter sein\",\"url\":\"https:\/\/www.entspannter-sein.de\/\",\"logo\":{\"@type\":\"ImageObject\",\"inLanguage\":\"de\",\"@id\":\"https:\/\/www.entspannter-sein.de\/#\/schema\/logo\/image\/\",\"url\":\"https:\/\/www.entspannter-sein.de\/wp-content\/uploads\/2022\/05\/cropped-logo-entspannter-sein.png\",\"contentUrl\":\"https:\/\/www.entspannter-sein.de\/wp-content\/uploads\/2022\/05\/cropped-logo-entspannter-sein.png\",\"width\":372,\"height\":82,\"caption\":\"entspannter sein\"},\"image\":{\"@id\":\"https:\/\/www.entspannter-sein.de\/#\/schema\/logo\/image\/\"}}]}<\/script>\n<!-- \/ Yoast SEO plugin. -->","yoast_head_json":{"title":"Stresswiderstands Test - entspannter sein","robots":{"index":"index","follow":"follow","max-snippet":"max-snippet:-1","max-image-preview":"max-image-preview:large","max-video-preview":"max-video-preview:-1"},"canonical":"https:\/\/www.entspannter-sein.de\/?page_id=2901","og_locale":"de_DE","og_type":"article","og_title":"Stresswiderstands Test - entspannter sein","og_description":"Stresswiderstands Test Beantworten Sie die nachfolgenden Fragen m\u00f6glichst spontan und ehrlich. Zur Differenzierung k\u00f6nnen Sie diesmal Werte zwischen 1 und 5 angeben. Die Formulierungen stellen jeweils die beiden Extreme dar, geben Sie 1 bzw. 5 Punkte, wenn sie vollst\u00e4ndig zutreffen. Geben Sie eine geringere bzw. h\u00f6here Punktzahl, wenn Sie irgendwo dazwischen liegen. Es liegt in [&hellip;]","og_url":"https:\/\/www.entspannter-sein.de\/?page_id=2901","og_site_name":"entspannter sein","article_modified_time":"2024-09-10T11:06:15+00:00","og_image":[{"url":"https:\/\/www.entspannter-sein.de\/wp-content\/uploads\/2022\/05\/salutogenesetest2a-1024x679.jpg","type":"","width":"","height":""}],"twitter_card":"summary_large_image","twitter_misc":{"Gesch\u00e4tzte Lesezeit":"1\u00a0Minute"},"schema":{"@context":"https:\/\/schema.org","@graph":[{"@type":"WebPage","@id":"https:\/\/www.entspannter-sein.de\/?page_id=2901","url":"https:\/\/www.entspannter-sein.de\/?page_id=2901","name":"Stresswiderstands Test - entspannter sein","isPartOf":{"@id":"https:\/\/www.entspannter-sein.de\/#website"},"primaryImageOfPage":{"@id":"https:\/\/www.entspannter-sein.de\/?page_id=2901#primaryimage"},"image":{"@id":"https:\/\/www.entspannter-sein.de\/?page_id=2901#primaryimage"},"thumbnailUrl":"https:\/\/www.entspannter-sein.de\/wp-content\/uploads\/2022\/05\/salutogenesetest2a-1024x679.jpg","datePublished":"2024-09-10T08:50:39+00:00","dateModified":"2024-09-10T11:06:15+00:00","breadcrumb":{"@id":"https:\/\/www.entspannter-sein.de\/?page_id=2901#breadcrumb"},"inLanguage":"de","potentialAction":[{"@type":"ReadAction","target":["https:\/\/www.entspannter-sein.de\/?page_id=2901"]}]},{"@type":"ImageObject","inLanguage":"de","@id":"https:\/\/www.entspannter-sein.de\/?page_id=2901#primaryimage","url":"https:\/\/www.entspannter-sein.de\/wp-content\/uploads\/2022\/05\/salutogenesetest2a.jpg","contentUrl":"https:\/\/www.entspannter-sein.de\/wp-content\/uploads\/2022\/05\/salutogenesetest2a.jpg","width":2000,"height":1326},{"@type":"BreadcrumbList","@id":"https:\/\/www.entspannter-sein.de\/?page_id=2901#breadcrumb","itemListElement":[{"@type":"ListItem","position":1,"name":"Startseite","item":"https:\/\/www.entspannter-sein.de\/"},{"@type":"ListItem","position":2,"name":"Stresswiderstands Test"}]},{"@type":"WebSite","@id":"https:\/\/www.entspannter-sein.de\/#website","url":"https:\/\/www.entspannter-sein.de\/","name":"entspannter sein","description":"Stressreduktionskurs","publisher":{"@id":"https:\/\/www.entspannter-sein.de\/#organization"},"potentialAction":[{"@type":"SearchAction","target":{"@type":"EntryPoint","urlTemplate":"https:\/\/www.entspannter-sein.de\/?s={search_term_string}"},"query-input":{"@type":"PropertyValueSpecification","valueRequired":true,"valueName":"search_term_string"}}],"inLanguage":"de"},{"@type":"Organization","@id":"https:\/\/www.entspannter-sein.de\/#organization","name":"entspannter sein","url":"https:\/\/www.entspannter-sein.de\/","logo":{"@type":"ImageObject","inLanguage":"de","@id":"https:\/\/www.entspannter-sein.de\/#\/schema\/logo\/image\/","url":"https:\/\/www.entspannter-sein.de\/wp-content\/uploads\/2022\/05\/cropped-logo-entspannter-sein.png","contentUrl":"https:\/\/www.entspannter-sein.de\/wp-content\/uploads\/2022\/05\/cropped-logo-entspannter-sein.png","width":372,"height":82,"caption":"entspannter sein"},"image":{"@id":"https:\/\/www.entspannter-sein.de\/#\/schema\/logo\/image\/"}}]}},"uagb_featured_image_src":{"full":false,"thumbnail":false,"medium":false,"medium_large":false,"large":false,"1536x1536":false,"2048x2048":false,"woocommerce_thumbnail":false,"woocommerce_single":false,"woocommerce_gallery_thumbnail":false},"uagb_author_info":{"display_name":"sabineickler","author_link":"https:\/\/www.entspannter-sein.de\/?author=1"},"uagb_comment_info":0,"uagb_excerpt":"Stresswiderstands Test Beantworten Sie die nachfolgenden Fragen m\u00f6glichst spontan und ehrlich. Zur Differenzierung k\u00f6nnen Sie diesmal Werte zwischen 1 und 5 angeben. Die Formulierungen stellen jeweils die beiden Extreme dar, geben Sie 1 bzw. 5 Punkte, wenn sie vollst\u00e4ndig zutreffen. Geben Sie eine geringere bzw. h\u00f6here Punktzahl, wenn Sie irgendwo dazwischen liegen. Es liegt in&hellip;","_links":{"self":[{"href":"https:\/\/www.entspannter-sein.de\/index.php?rest_route=\/wp\/v2\/pages\/2901","targetHints":{"allow":["GET"]}}],"collection":[{"href":"https:\/\/www.entspannter-sein.de\/index.php?rest_route=\/wp\/v2\/pages"}],"about":[{"href":"https:\/\/www.entspannter-sein.de\/index.php?rest_route=\/wp\/v2\/types\/page"}],"author":[{"embeddable":true,"href":"https:\/\/www.entspannter-sein.de\/index.php?rest_route=\/wp\/v2\/users\/1"}],"replies":[{"embeddable":true,"href":"https:\/\/www.entspannter-sein.de\/index.php?rest_route=%2Fwp%2Fv2%2Fcomments&post=2901"}],"version-history":[{"count":0,"href":"https:\/\/www.entspannter-sein.de\/index.php?rest_route=\/wp\/v2\/pages\/2901\/revisions"}],"wp:attachment":[{"href":"https:\/\/www.entspannter-sein.de\/index.php?rest_route=%2Fwp%2Fv2%2Fmedia&parent=2901"}],"curies":[{"name":"wp","href":"https:\/\/api.w.org\/{rel}","templated":true}]}}