{"id":3104,"date":"2024-12-12T13:04:49","date_gmt":"2024-12-12T12:04:49","guid":{"rendered":"https:\/\/www.entspannter-sein.de\/?page_id=3104"},"modified":"2024-12-12T13:05:27","modified_gmt":"2024-12-12T12:05:27","slug":"der-stressreduktions-coach-ihr-onlinekurs-fuer-ein-gelasseneres-gluecklicheres-leben","status":"publish","type":"page","link":"https:\/\/www.entspannter-sein.de\/?page_id=3104","title":{"rendered":"Der Stressreduktions-Coach: Ihr Onlinekurs f\u00fcr ein gelasseneres, gl\u00fccklicheres Leben"},"content":{"rendered":"\n<h1 class=\"wp-block-heading\">Der Stressreduktions-Coach: Ihr Onlinekurs f\u00fcr ein gelasseneres, gl\u00fccklicheres Leben<\/h1>\n\n\n\n<figure class=\"wp-block-image size-full\"><img loading=\"lazy\" decoding=\"async\" width=\"700\" height=\"414\" src=\"https:\/\/www.entspannter-sein.de\/wp-content\/uploads\/2024\/04\/40_finale-1.png\" alt=\"\" class=\"wp-image-1918\" srcset=\"https:\/\/www.entspannter-sein.de\/wp-content\/uploads\/2024\/04\/40_finale-1.png 700w, https:\/\/www.entspannter-sein.de\/wp-content\/uploads\/2024\/04\/40_finale-1-300x177.png 300w, https:\/\/www.entspannter-sein.de\/wp-content\/uploads\/2024\/04\/40_finale-1-600x355.png 600w\" sizes=\"auto, (max-width: 700px) 100vw, 700px\" \/><\/figure>\n\n\n\n<p>Gratulation. Eine gute Entscheidung. Stress zu reduzieren wird Sie ges\u00fcnder, ausgeglichener und aus biologischer Sicht j\u00fcnger machen. Wir zeigen Ihnen, wie.<\/p>\n\n\n\n<p>Jede Woche warten eine Wochen\u00fcbersicht und f\u00fcnf Einheiten auf Sie. Sie k\u00f6nnen Sie in einem Schwung machen oder auf mehrere Tage verteilen. Ein Timer sorgt daf\u00fcr, dass Sie sich die Zeit wirklich nehmen (9 Minuten pro Einheit), denn Stress sorgt daf\u00fcr, dass wir Dinge \u00fcbereilen oder \u00fcberspringen wollen.<\/p>\n\n\n\n<p>Nehmen Sie sich die Zeit \u2013&nbsp;<strong>es geht um Sie!<br>Und bei Fragen wenden Sie sich gerne an uns.<\/strong><\/p>\n\n\n\n<h2 class=\"wp-block-heading\">Ihr stressfrei-stressfrei-Team<\/h2>\n","protected":false},"excerpt":{"rendered":"<p>Der Stressreduktions-Coach: Ihr Onlinekurs f\u00fcr ein gelasseneres, gl\u00fccklicheres Leben Gratulation. Eine gute Entscheidung. Stress zu reduzieren wird Sie ges\u00fcnder, ausgeglichener und aus biologischer Sicht j\u00fcnger machen. Wir zeigen Ihnen, wie. Jede Woche warten eine Wochen\u00fcbersicht und f\u00fcnf Einheiten auf Sie. Sie k\u00f6nnen Sie in einem Schwung machen oder auf mehrere Tage verteilen. Ein Timer sorgt [&hellip;]<\/p>\n","protected":false},"author":1,"featured_media":0,"parent":0,"menu_order":0,"comment_status":"closed","ping_status":"closed","template":"","meta":{"_uag_custom_page_level_css":"","site-sidebar-layout":"default","site-content-layout":"","ast-site-content-layout":"default","site-content-style":"default","site-sidebar-style":"default","ast-global-header-display":"","ast-banner-title-visibility":"","ast-main-header-display":"","ast-hfb-above-header-display":"","ast-hfb-below-header-display":"","ast-hfb-mobile-header-display":"","site-post-title":"","ast-breadcrumbs-content":"","ast-featured-img":"","footer-sml-layout":"","ast-disable-related-posts":"","theme-transparent-header-meta":"","adv-header-id-meta":"","stick-header-meta":"","header-above-stick-meta":"","header-main-stick-meta":"","header-below-stick-meta":"","astra-migrate-meta-layouts":"set","ast-page-background-enabled":"default","ast-page-background-meta":{"desktop":{"background-color":"var(--ast-global-color-4)","background-image":"","background-repeat":"repeat","background-position":"center center","background-size":"auto","background-attachment":"scroll","background-type":"","background-media":"","overlay-type":"","overlay-color":"","overlay-opacity":"","overlay-gradient":""},"tablet":{"background-color":"","background-image":"","background-repeat":"repeat","background-position":"center center","background-size":"auto","background-attachment":"scroll","background-type":"","background-media":"","overlay-type":"","overlay-color":"","overlay-opacity":"","overlay-gradient":""},"mobile":{"background-color":"","background-image":"","background-repeat":"repeat","background-position":"center center","background-size":"auto","background-attachment":"scroll","background-type":"","background-media":"","overlay-type":"","overlay-color":"","overlay-opacity":"","overlay-gradient":""}},"ast-content-background-meta":{"desktop":{"background-color":"var(--ast-global-color-5)","background-image":"","background-repeat":"repeat","background-position":"center center","background-size":"auto","background-attachment":"scroll","background-type":"","background-media":"","overlay-type":"","overlay-color":"","overlay-opacity":"","overlay-gradient":""},"tablet":{"background-color":"var(--ast-global-color-5)","background-image":"","background-repeat":"repeat","background-position":"center center","background-size":"auto","background-attachment":"scroll","background-type":"","background-media":"","overlay-type":"","overlay-color":"","overlay-opacity":"","overlay-gradient":""},"mobile":{"background-color":"var(--ast-global-color-5)","background-image":"","background-repeat":"repeat","background-position":"center center","background-size":"auto","background-attachment":"scroll","background-type":"","background-media":"","overlay-type":"","overlay-color":"","overlay-opacity":"","overlay-gradient":""}},"footnotes":""},"class_list":["post-3104","page","type-page","status-publish","hentry"],"yoast_head":"<!-- This site is optimized with the Yoast SEO plugin v25.2 - https:\/\/yoast.com\/wordpress\/plugins\/seo\/ -->\n<title>Der Stressreduktions-Coach: Ihr Onlinekurs f\u00fcr ein gelasseneres, gl\u00fccklicheres Leben - entspannter sein<\/title>\n<meta name=\"robots\" content=\"index, follow, max-snippet:-1, max-image-preview:large, max-video-preview:-1\" \/>\n<link rel=\"canonical\" href=\"https:\/\/www.entspannter-sein.de\/?page_id=3104\" \/>\n<meta property=\"og:locale\" content=\"de_DE\" \/>\n<meta property=\"og:type\" content=\"article\" \/>\n<meta property=\"og:title\" content=\"Der Stressreduktions-Coach: Ihr Onlinekurs f\u00fcr ein gelasseneres, gl\u00fccklicheres Leben - entspannter sein\" \/>\n<meta property=\"og:description\" content=\"Der Stressreduktions-Coach: Ihr Onlinekurs f\u00fcr ein gelasseneres, gl\u00fccklicheres Leben Gratulation. Eine gute Entscheidung. Stress zu reduzieren wird Sie ges\u00fcnder, ausgeglichener und aus biologischer Sicht j\u00fcnger machen. Wir zeigen Ihnen, wie. Jede Woche warten eine Wochen\u00fcbersicht und f\u00fcnf Einheiten auf Sie. Sie k\u00f6nnen Sie in einem Schwung machen oder auf mehrere Tage verteilen. Ein Timer sorgt [&hellip;]\" \/>\n<meta property=\"og:url\" content=\"https:\/\/www.entspannter-sein.de\/?page_id=3104\" \/>\n<meta property=\"og:site_name\" content=\"entspannter sein\" \/>\n<meta property=\"article:modified_time\" content=\"2024-12-12T12:05:27+00:00\" \/>\n<meta property=\"og:image\" content=\"https:\/\/www.entspannter-sein.de\/wp-content\/uploads\/2024\/04\/40_finale-1.png\" \/>\n<meta name=\"twitter:card\" content=\"summary_large_image\" \/>\n<meta name=\"twitter:label1\" content=\"Gesch\u00e4tzte Lesezeit\" \/>\n\t<meta name=\"twitter:data1\" content=\"1\u00a0Minute\" \/>\n<script type=\"application\/ld+json\" class=\"yoast-schema-graph\">{\"@context\":\"https:\/\/schema.org\",\"@graph\":[{\"@type\":\"WebPage\",\"@id\":\"https:\/\/www.entspannter-sein.de\/?page_id=3104\",\"url\":\"https:\/\/www.entspannter-sein.de\/?page_id=3104\",\"name\":\"Der Stressreduktions-Coach: Ihr Onlinekurs f\u00fcr ein gelasseneres, gl\u00fccklicheres Leben - entspannter sein\",\"isPartOf\":{\"@id\":\"https:\/\/www.entspannter-sein.de\/#website\"},\"primaryImageOfPage\":{\"@id\":\"https:\/\/www.entspannter-sein.de\/?page_id=3104#primaryimage\"},\"image\":{\"@id\":\"https:\/\/www.entspannter-sein.de\/?page_id=3104#primaryimage\"},\"thumbnailUrl\":\"https:\/\/www.entspannter-sein.de\/wp-content\/uploads\/2024\/04\/40_finale-1.png\",\"datePublished\":\"2024-12-12T12:04:49+00:00\",\"dateModified\":\"2024-12-12T12:05:27+00:00\",\"breadcrumb\":{\"@id\":\"https:\/\/www.entspannter-sein.de\/?page_id=3104#breadcrumb\"},\"inLanguage\":\"de\",\"potentialAction\":[{\"@type\":\"ReadAction\",\"target\":[\"https:\/\/www.entspannter-sein.de\/?page_id=3104\"]}]},{\"@type\":\"ImageObject\",\"inLanguage\":\"de\",\"@id\":\"https:\/\/www.entspannter-sein.de\/?page_id=3104#primaryimage\",\"url\":\"https:\/\/www.entspannter-sein.de\/wp-content\/uploads\/2024\/04\/40_finale-1.png\",\"contentUrl\":\"https:\/\/www.entspannter-sein.de\/wp-content\/uploads\/2024\/04\/40_finale-1.png\",\"width\":700,\"height\":414},{\"@type\":\"BreadcrumbList\",\"@id\":\"https:\/\/www.entspannter-sein.de\/?page_id=3104#breadcrumb\",\"itemListElement\":[{\"@type\":\"ListItem\",\"position\":1,\"name\":\"Startseite\",\"item\":\"https:\/\/www.entspannter-sein.de\/\"},{\"@type\":\"ListItem\",\"position\":2,\"name\":\"Der Stressreduktions-Coach: Ihr Onlinekurs f\u00fcr ein gelasseneres, gl\u00fccklicheres Leben\"}]},{\"@type\":\"WebSite\",\"@id\":\"https:\/\/www.entspannter-sein.de\/#website\",\"url\":\"https:\/\/www.entspannter-sein.de\/\",\"name\":\"entspannter sein\",\"description\":\"Stressreduktionskurs\",\"publisher\":{\"@id\":\"https:\/\/www.entspannter-sein.de\/#organization\"},\"potentialAction\":[{\"@type\":\"SearchAction\",\"target\":{\"@type\":\"EntryPoint\",\"urlTemplate\":\"https:\/\/www.entspannter-sein.de\/?s={search_term_string}\"},\"query-input\":{\"@type\":\"PropertyValueSpecification\",\"valueRequired\":true,\"valueName\":\"search_term_string\"}}],\"inLanguage\":\"de\"},{\"@type\":\"Organization\",\"@id\":\"https:\/\/www.entspannter-sein.de\/#organization\",\"name\":\"entspannter sein\",\"url\":\"https:\/\/www.entspannter-sein.de\/\",\"logo\":{\"@type\":\"ImageObject\",\"inLanguage\":\"de\",\"@id\":\"https:\/\/www.entspannter-sein.de\/#\/schema\/logo\/image\/\",\"url\":\"https:\/\/www.entspannter-sein.de\/wp-content\/uploads\/2022\/05\/cropped-logo-entspannter-sein.png\",\"contentUrl\":\"https:\/\/www.entspannter-sein.de\/wp-content\/uploads\/2022\/05\/cropped-logo-entspannter-sein.png\",\"width\":372,\"height\":82,\"caption\":\"entspannter sein\"},\"image\":{\"@id\":\"https:\/\/www.entspannter-sein.de\/#\/schema\/logo\/image\/\"}}]}<\/script>\n<!-- \/ Yoast SEO plugin. -->","yoast_head_json":{"title":"Der Stressreduktions-Coach: Ihr Onlinekurs f\u00fcr ein gelasseneres, gl\u00fccklicheres Leben - entspannter sein","robots":{"index":"index","follow":"follow","max-snippet":"max-snippet:-1","max-image-preview":"max-image-preview:large","max-video-preview":"max-video-preview:-1"},"canonical":"https:\/\/www.entspannter-sein.de\/?page_id=3104","og_locale":"de_DE","og_type":"article","og_title":"Der Stressreduktions-Coach: Ihr Onlinekurs f\u00fcr ein gelasseneres, gl\u00fccklicheres Leben - entspannter sein","og_description":"Der Stressreduktions-Coach: Ihr Onlinekurs f\u00fcr ein gelasseneres, gl\u00fccklicheres Leben Gratulation. Eine gute Entscheidung. Stress zu reduzieren wird Sie ges\u00fcnder, ausgeglichener und aus biologischer Sicht j\u00fcnger machen. Wir zeigen Ihnen, wie. Jede Woche warten eine Wochen\u00fcbersicht und f\u00fcnf Einheiten auf Sie. Sie k\u00f6nnen Sie in einem Schwung machen oder auf mehrere Tage verteilen. Ein Timer sorgt [&hellip;]","og_url":"https:\/\/www.entspannter-sein.de\/?page_id=3104","og_site_name":"entspannter sein","article_modified_time":"2024-12-12T12:05:27+00:00","og_image":[{"url":"https:\/\/www.entspannter-sein.de\/wp-content\/uploads\/2024\/04\/40_finale-1.png","type":"","width":"","height":""}],"twitter_card":"summary_large_image","twitter_misc":{"Gesch\u00e4tzte Lesezeit":"1\u00a0Minute"},"schema":{"@context":"https:\/\/schema.org","@graph":[{"@type":"WebPage","@id":"https:\/\/www.entspannter-sein.de\/?page_id=3104","url":"https:\/\/www.entspannter-sein.de\/?page_id=3104","name":"Der Stressreduktions-Coach: Ihr Onlinekurs f\u00fcr ein gelasseneres, gl\u00fccklicheres Leben - entspannter sein","isPartOf":{"@id":"https:\/\/www.entspannter-sein.de\/#website"},"primaryImageOfPage":{"@id":"https:\/\/www.entspannter-sein.de\/?page_id=3104#primaryimage"},"image":{"@id":"https:\/\/www.entspannter-sein.de\/?page_id=3104#primaryimage"},"thumbnailUrl":"https:\/\/www.entspannter-sein.de\/wp-content\/uploads\/2024\/04\/40_finale-1.png","datePublished":"2024-12-12T12:04:49+00:00","dateModified":"2024-12-12T12:05:27+00:00","breadcrumb":{"@id":"https:\/\/www.entspannter-sein.de\/?page_id=3104#breadcrumb"},"inLanguage":"de","potentialAction":[{"@type":"ReadAction","target":["https:\/\/www.entspannter-sein.de\/?page_id=3104"]}]},{"@type":"ImageObject","inLanguage":"de","@id":"https:\/\/www.entspannter-sein.de\/?page_id=3104#primaryimage","url":"https:\/\/www.entspannter-sein.de\/wp-content\/uploads\/2024\/04\/40_finale-1.png","contentUrl":"https:\/\/www.entspannter-sein.de\/wp-content\/uploads\/2024\/04\/40_finale-1.png","width":700,"height":414},{"@type":"BreadcrumbList","@id":"https:\/\/www.entspannter-sein.de\/?page_id=3104#breadcrumb","itemListElement":[{"@type":"ListItem","position":1,"name":"Startseite","item":"https:\/\/www.entspannter-sein.de\/"},{"@type":"ListItem","position":2,"name":"Der Stressreduktions-Coach: Ihr Onlinekurs f\u00fcr ein gelasseneres, gl\u00fccklicheres Leben"}]},{"@type":"WebSite","@id":"https:\/\/www.entspannter-sein.de\/#website","url":"https:\/\/www.entspannter-sein.de\/","name":"entspannter sein","description":"Stressreduktionskurs","publisher":{"@id":"https:\/\/www.entspannter-sein.de\/#organization"},"potentialAction":[{"@type":"SearchAction","target":{"@type":"EntryPoint","urlTemplate":"https:\/\/www.entspannter-sein.de\/?s={search_term_string}"},"query-input":{"@type":"PropertyValueSpecification","valueRequired":true,"valueName":"search_term_string"}}],"inLanguage":"de"},{"@type":"Organization","@id":"https:\/\/www.entspannter-sein.de\/#organization","name":"entspannter sein","url":"https:\/\/www.entspannter-sein.de\/","logo":{"@type":"ImageObject","inLanguage":"de","@id":"https:\/\/www.entspannter-sein.de\/#\/schema\/logo\/image\/","url":"https:\/\/www.entspannter-sein.de\/wp-content\/uploads\/2022\/05\/cropped-logo-entspannter-sein.png","contentUrl":"https:\/\/www.entspannter-sein.de\/wp-content\/uploads\/2022\/05\/cropped-logo-entspannter-sein.png","width":372,"height":82,"caption":"entspannter sein"},"image":{"@id":"https:\/\/www.entspannter-sein.de\/#\/schema\/logo\/image\/"}}]}},"uagb_featured_image_src":{"full":false,"thumbnail":false,"medium":false,"medium_large":false,"large":false,"1536x1536":false,"2048x2048":false,"woocommerce_thumbnail":false,"woocommerce_single":false,"woocommerce_gallery_thumbnail":false},"uagb_author_info":{"display_name":"sabineickler","author_link":"https:\/\/www.entspannter-sein.de\/?author=1"},"uagb_comment_info":0,"uagb_excerpt":"Der Stressreduktions-Coach: Ihr Onlinekurs f\u00fcr ein gelasseneres, gl\u00fccklicheres Leben Gratulation. Eine gute Entscheidung. Stress zu reduzieren wird Sie ges\u00fcnder, ausgeglichener und aus biologischer Sicht j\u00fcnger machen. Wir zeigen Ihnen, wie. Jede Woche warten eine Wochen\u00fcbersicht und f\u00fcnf Einheiten auf Sie. Sie k\u00f6nnen Sie in einem Schwung machen oder auf mehrere Tage verteilen. Ein Timer sorgt&hellip;","_links":{"self":[{"href":"https:\/\/www.entspannter-sein.de\/index.php?rest_route=\/wp\/v2\/pages\/3104","targetHints":{"allow":["GET"]}}],"collection":[{"href":"https:\/\/www.entspannter-sein.de\/index.php?rest_route=\/wp\/v2\/pages"}],"about":[{"href":"https:\/\/www.entspannter-sein.de\/index.php?rest_route=\/wp\/v2\/types\/page"}],"author":[{"embeddable":true,"href":"https:\/\/www.entspannter-sein.de\/index.php?rest_route=\/wp\/v2\/users\/1"}],"replies":[{"embeddable":true,"href":"https:\/\/www.entspannter-sein.de\/index.php?rest_route=%2Fwp%2Fv2%2Fcomments&post=3104"}],"version-history":[{"count":0,"href":"https:\/\/www.entspannter-sein.de\/index.php?rest_route=\/wp\/v2\/pages\/3104\/revisions"}],"wp:attachment":[{"href":"https:\/\/www.entspannter-sein.de\/index.php?rest_route=%2Fwp%2Fv2%2Fmedia&parent=3104"}],"curies":[{"name":"wp","href":"https:\/\/api.w.org\/{rel}","templated":true}]}}