{"id":532,"date":"2022-05-19T20:11:27","date_gmt":"2022-05-19T18:11:27","guid":{"rendered":"https:\/\/www.sabine-ickler.de\/kunden\/michaelschurr\/?page_id=532"},"modified":"2022-06-26T21:41:40","modified_gmt":"2022-06-26T19:41:40","slug":"about","status":"publish","type":"page","link":"https:\/\/www.entspannter-sein.de\/?page_id=532","title":{"rendered":"About"},"content":{"rendered":"<style>#kt-layout-id_ee753e-9c > .kt-row-column-wrap{align-content:start;}:where(#kt-layout-id_ee753e-9c > .kt-row-column-wrap) > .wp-block-kadence-column{justify-content:start;}#kt-layout-id_ee753e-9c > .kt-row-column-wrap{column-gap:var(--global-kb-gap-md, 2rem);row-gap:var(--global-kb-gap-md, 2rem);padding-top:var( --global-kb-row-default-top, 25px );padding-bottom:var( --global-kb-row-default-bottom, 25px );padding-top:var(--global-kb-spacing-sm, 1.5rem);padding-bottom:var(--global-kb-spacing-sm, 1.5rem);grid-template-columns:minmax(0, 1fr) minmax(0, 2fr);}#kt-layout-id_ee753e-9c > .kt-row-layout-overlay{opacity:0.30;}@media all and (max-width: 1024px){#kt-layout-id_ee753e-9c > .kt-row-column-wrap{grid-template-columns:minmax(0, 1fr) minmax(0, 2fr);}}@media all and (max-width: 767px){#kt-layout-id_ee753e-9c > .kt-row-column-wrap{grid-template-columns:minmax(0, 1fr);}}<\/style>\n<div class=\"wp-block-kadence-rowlayout alignnone\"><div id=\"kt-layout-id_ee753e-9c\" class=\"kt-row-layout-inner kt-layout-id_ee753e-9c\"><div class=\"kt-row-column-wrap kt-has-2-columns kt-gutter-default kt-v-gutter-default kt-row-valign-top kt-row-layout-right-golden kt-tab-layout-inherit kt-m-colapse-left-to-right kt-mobile-layout-row\"><style>.kadence-column_d685b4-ec > .kt-inside-inner-col{border-top-width:0px;border-right-width:0px;border-bottom-width:0px;border-left-width:0px;}.kadence-column_d685b4-ec > .kt-inside-inner-col,.kadence-column_d685b4-ec > .kt-inside-inner-col:before{border-top-left-radius:0px;border-top-right-radius:0px;border-bottom-right-radius:0px;border-bottom-left-radius:0px;}.kadence-column_d685b4-ec > .kt-inside-inner-col{column-gap:var(--global-kb-gap-sm, 1rem);}.kadence-column_d685b4-ec > .kt-inside-inner-col{flex-direction:column;}.kadence-column_d685b4-ec > .kt-inside-inner-col > .aligncenter{width:100%;}.kadence-column_d685b4-ec > .kt-inside-inner-col:before{opacity:0.3;}.kadence-column_d685b4-ec{position:relative;}@media all and (max-width: 1024px){.kadence-column_d685b4-ec > .kt-inside-inner-col{flex-direction:column;justify-content:center;}}@media all and (max-width: 767px){.kadence-column_d685b4-ec > .kt-inside-inner-col{flex-direction:column;justify-content:center;}}<\/style>\n<div class=\"wp-block-kadence-column inner-column-1 kadence-column_d685b4-ec\"><div class=\"kt-inside-inner-col\">\n<figure class=\"wp-block-image size-large\"><img loading=\"lazy\" decoding=\"async\" width=\"1024\" height=\"983\" src=\"https:\/\/www.entspannter-sein.de\/wp-content\/uploads\/2022\/05\/freunde-1024x983.jpg\" alt=\"\" class=\"wp-image-521\" srcset=\"https:\/\/www.entspannter-sein.de\/wp-content\/uploads\/2022\/05\/freunde-1024x983.jpg 1024w, https:\/\/www.entspannter-sein.de\/wp-content\/uploads\/2022\/05\/freunde-600x576.jpg 600w, https:\/\/www.entspannter-sein.de\/wp-content\/uploads\/2022\/05\/freunde-300x288.jpg 300w, https:\/\/www.entspannter-sein.de\/wp-content\/uploads\/2022\/05\/freunde-768x737.jpg 768w, https:\/\/www.entspannter-sein.de\/wp-content\/uploads\/2022\/05\/freunde-1536x1474.jpg 1536w, https:\/\/www.entspannter-sein.de\/wp-content\/uploads\/2022\/05\/freunde.jpg 2000w\" sizes=\"auto, (max-width: 1024px) 100vw, 1024px\" \/><\/figure>\n\n\n\n<p><\/p>\n<\/div><\/div>\n\n\n<style>.kadence-column_275e91-77 > .kt-inside-inner-col{border-top-width:0px;border-right-width:0px;border-bottom-width:0px;border-left-width:0px;}.kadence-column_275e91-77 > .kt-inside-inner-col,.kadence-column_275e91-77 > .kt-inside-inner-col:before{border-top-left-radius:0px;border-top-right-radius:0px;border-bottom-right-radius:0px;border-bottom-left-radius:0px;}.kadence-column_275e91-77 > .kt-inside-inner-col{column-gap:var(--global-kb-gap-sm, 1rem);}.kadence-column_275e91-77 > .kt-inside-inner-col{flex-direction:column;}.kadence-column_275e91-77 > .kt-inside-inner-col > .aligncenter{width:100%;}.kadence-column_275e91-77 > .kt-inside-inner-col:before{opacity:0.3;}.kadence-column_275e91-77{position:relative;}@media all and (max-width: 1024px){.kadence-column_275e91-77 > .kt-inside-inner-col{flex-direction:column;justify-content:center;}}@media all and (max-width: 767px){.kadence-column_275e91-77 > .kt-inside-inner-col{flex-direction:column;justify-content:center;}}<\/style>\n<div class=\"wp-block-kadence-column inner-column-2 kadence-column_275e91-77\"><div class=\"kt-inside-inner-col\">\n<h1 class=\"wp-block-heading\">About<\/h1>\n\n\n\n<p>Es gibt im Moment in diese Mannschaft, oh, einige Spieler vergessen ihnen Profi was sie sind. Ich lese nicht sehr viele Zeitungen, aber ich habe geh\u00f6rt viele Situationen. Erstens: wir haben nicht offensiv gespielt. Es gibt keine deutsche Mannschaft spielt offensiv und die Name offensiv wie Bayern. Letzte Spiel hatten wir in Platz drei Spitzen: Elber, Jancka und dann Zickler. Wir m\u00fcssen nicht vergessen Zickler. Zickler ist eine Spitzen mehr, Mehmet eh mehr Basler. Ist klar diese W\u00f6rter, ist m\u00f6glich verstehen, was ich hab gesagt? Danke. Offensiv, offensiv ist wie machen wir in Platz.<\/p>\n<\/div><\/div>\n<\/div><\/div><\/div>\n","protected":false},"excerpt":{"rendered":"<p>About Es gibt im Moment in diese Mannschaft, oh, einige Spieler vergessen ihnen Profi was sie sind. Ich lese nicht sehr viele Zeitungen, aber ich habe geh\u00f6rt viele Situationen. Erstens: wir haben nicht offensiv gespielt. Es gibt keine deutsche Mannschaft spielt offensiv und die Name offensiv wie Bayern. Letzte Spiel hatten wir in Platz drei [&hellip;]<\/p>\n","protected":false},"author":1,"featured_media":0,"parent":0,"menu_order":0,"comment_status":"closed","ping_status":"closed","template":"","meta":{"_uag_custom_page_level_css":"","site-sidebar-layout":"default","site-content-layout":"","ast-site-content-layout":"default","site-content-style":"default","site-sidebar-style":"default","ast-global-header-display":"","ast-banner-title-visibility":"","ast-main-header-display":"","ast-hfb-above-header-display":"","ast-hfb-below-header-display":"","ast-hfb-mobile-header-display":"","site-post-title":"","ast-breadcrumbs-content":"","ast-featured-img":"","footer-sml-layout":"","ast-disable-related-posts":"","theme-transparent-header-meta":"","adv-header-id-meta":"","stick-header-meta":"","header-above-stick-meta":"","header-main-stick-meta":"","header-below-stick-meta":"","astra-migrate-meta-layouts":"default","ast-page-background-enabled":"default","ast-page-background-meta":{"desktop":{"background-color":"var(--ast-global-color-4)","background-image":"","background-repeat":"repeat","background-position":"center center","background-size":"auto","background-attachment":"scroll","background-type":"","background-media":"","overlay-type":"","overlay-color":"","overlay-opacity":"","overlay-gradient":""},"tablet":{"background-color":"","background-image":"","background-repeat":"repeat","background-position":"center center","background-size":"auto","background-attachment":"scroll","background-type":"","background-media":"","overlay-type":"","overlay-color":"","overlay-opacity":"","overlay-gradient":""},"mobile":{"background-color":"","background-image":"","background-repeat":"repeat","background-position":"center center","background-size":"auto","background-attachment":"scroll","background-type":"","background-media":"","overlay-type":"","overlay-color":"","overlay-opacity":"","overlay-gradient":""}},"ast-content-background-meta":{"desktop":{"background-color":"var(--ast-global-color-5)","background-image":"","background-repeat":"repeat","background-position":"center center","background-size":"auto","background-attachment":"scroll","background-type":"","background-media":"","overlay-type":"","overlay-color":"","overlay-opacity":"","overlay-gradient":""},"tablet":{"background-color":"var(--ast-global-color-5)","background-image":"","background-repeat":"repeat","background-position":"center center","background-size":"auto","background-attachment":"scroll","background-type":"","background-media":"","overlay-type":"","overlay-color":"","overlay-opacity":"","overlay-gradient":""},"mobile":{"background-color":"var(--ast-global-color-5)","background-image":"","background-repeat":"repeat","background-position":"center center","background-size":"auto","background-attachment":"scroll","background-type":"","background-media":"","overlay-type":"","overlay-color":"","overlay-opacity":"","overlay-gradient":""}},"footnotes":""},"class_list":["post-532","page","type-page","status-publish","hentry"],"yoast_head":"<!-- This site is optimized with the Yoast SEO plugin v25.2 - https:\/\/yoast.com\/wordpress\/plugins\/seo\/ -->\n<title>About - entspannter sein<\/title>\n<meta name=\"robots\" content=\"index, follow, max-snippet:-1, max-image-preview:large, max-video-preview:-1\" \/>\n<link rel=\"canonical\" href=\"https:\/\/www.entspannter-sein.de\/?page_id=532\" \/>\n<meta property=\"og:locale\" content=\"de_DE\" \/>\n<meta property=\"og:type\" content=\"article\" \/>\n<meta property=\"og:title\" content=\"About - entspannter sein\" \/>\n<meta property=\"og:description\" content=\"About Es gibt im Moment in diese Mannschaft, oh, einige Spieler vergessen ihnen Profi was sie sind. Ich lese nicht sehr viele Zeitungen, aber ich habe geh\u00f6rt viele Situationen. Erstens: wir haben nicht offensiv gespielt. Es gibt keine deutsche Mannschaft spielt offensiv und die Name offensiv wie Bayern. Letzte Spiel hatten wir in Platz drei [&hellip;]\" \/>\n<meta property=\"og:url\" content=\"https:\/\/www.entspannter-sein.de\/?page_id=532\" \/>\n<meta property=\"og:site_name\" content=\"entspannter sein\" \/>\n<meta property=\"article:modified_time\" content=\"2022-06-26T19:41:40+00:00\" \/>\n<meta property=\"og:image\" content=\"https:\/\/www.entspannter-sein.de\/wp-content\/uploads\/2022\/05\/freunde-1024x983.jpg\" \/>\n<meta name=\"twitter:card\" content=\"summary_large_image\" \/>\n<meta name=\"twitter:label1\" content=\"Gesch\u00e4tzte Lesezeit\" \/>\n\t<meta name=\"twitter:data1\" content=\"1\u00a0Minute\" \/>\n<script type=\"application\/ld+json\" class=\"yoast-schema-graph\">{\"@context\":\"https:\/\/schema.org\",\"@graph\":[{\"@type\":\"WebPage\",\"@id\":\"https:\/\/www.entspannter-sein.de\/?page_id=532\",\"url\":\"https:\/\/www.entspannter-sein.de\/?page_id=532\",\"name\":\"About - entspannter sein\",\"isPartOf\":{\"@id\":\"https:\/\/www.entspannter-sein.de\/#website\"},\"primaryImageOfPage\":{\"@id\":\"https:\/\/www.entspannter-sein.de\/?page_id=532#primaryimage\"},\"image\":{\"@id\":\"https:\/\/www.entspannter-sein.de\/?page_id=532#primaryimage\"},\"thumbnailUrl\":\"https:\/\/www.entspannter-sein.de\/wp-content\/uploads\/2022\/05\/freunde-1024x983.jpg\",\"datePublished\":\"2022-05-19T18:11:27+00:00\",\"dateModified\":\"2022-06-26T19:41:40+00:00\",\"breadcrumb\":{\"@id\":\"https:\/\/www.entspannter-sein.de\/?page_id=532#breadcrumb\"},\"inLanguage\":\"de\",\"potentialAction\":[{\"@type\":\"ReadAction\",\"target\":[\"https:\/\/www.entspannter-sein.de\/?page_id=532\"]}]},{\"@type\":\"ImageObject\",\"inLanguage\":\"de\",\"@id\":\"https:\/\/www.entspannter-sein.de\/?page_id=532#primaryimage\",\"url\":\"https:\/\/www.entspannter-sein.de\/wp-content\/uploads\/2022\/05\/freunde.jpg\",\"contentUrl\":\"https:\/\/www.entspannter-sein.de\/wp-content\/uploads\/2022\/05\/freunde.jpg\",\"width\":2000,\"height\":1919},{\"@type\":\"BreadcrumbList\",\"@id\":\"https:\/\/www.entspannter-sein.de\/?page_id=532#breadcrumb\",\"itemListElement\":[{\"@type\":\"ListItem\",\"position\":1,\"name\":\"Startseite\",\"item\":\"https:\/\/www.entspannter-sein.de\/\"},{\"@type\":\"ListItem\",\"position\":2,\"name\":\"About\"}]},{\"@type\":\"WebSite\",\"@id\":\"https:\/\/www.entspannter-sein.de\/#website\",\"url\":\"https:\/\/www.entspannter-sein.de\/\",\"name\":\"entspannter sein\",\"description\":\"Stressreduktionskurs\",\"publisher\":{\"@id\":\"https:\/\/www.entspannter-sein.de\/#organization\"},\"potentialAction\":[{\"@type\":\"SearchAction\",\"target\":{\"@type\":\"EntryPoint\",\"urlTemplate\":\"https:\/\/www.entspannter-sein.de\/?s={search_term_string}\"},\"query-input\":{\"@type\":\"PropertyValueSpecification\",\"valueRequired\":true,\"valueName\":\"search_term_string\"}}],\"inLanguage\":\"de\"},{\"@type\":\"Organization\",\"@id\":\"https:\/\/www.entspannter-sein.de\/#organization\",\"name\":\"entspannter sein\",\"url\":\"https:\/\/www.entspannter-sein.de\/\",\"logo\":{\"@type\":\"ImageObject\",\"inLanguage\":\"de\",\"@id\":\"https:\/\/www.entspannter-sein.de\/#\/schema\/logo\/image\/\",\"url\":\"https:\/\/www.entspannter-sein.de\/wp-content\/uploads\/2022\/05\/cropped-logo-entspannter-sein.png\",\"contentUrl\":\"https:\/\/www.entspannter-sein.de\/wp-content\/uploads\/2022\/05\/cropped-logo-entspannter-sein.png\",\"width\":372,\"height\":82,\"caption\":\"entspannter sein\"},\"image\":{\"@id\":\"https:\/\/www.entspannter-sein.de\/#\/schema\/logo\/image\/\"}}]}<\/script>\n<!-- \/ Yoast SEO plugin. -->","yoast_head_json":{"title":"About - entspannter sein","robots":{"index":"index","follow":"follow","max-snippet":"max-snippet:-1","max-image-preview":"max-image-preview:large","max-video-preview":"max-video-preview:-1"},"canonical":"https:\/\/www.entspannter-sein.de\/?page_id=532","og_locale":"de_DE","og_type":"article","og_title":"About - entspannter sein","og_description":"About Es gibt im Moment in diese Mannschaft, oh, einige Spieler vergessen ihnen Profi was sie sind. Ich lese nicht sehr viele Zeitungen, aber ich habe geh\u00f6rt viele Situationen. Erstens: wir haben nicht offensiv gespielt. Es gibt keine deutsche Mannschaft spielt offensiv und die Name offensiv wie Bayern. Letzte Spiel hatten wir in Platz drei [&hellip;]","og_url":"https:\/\/www.entspannter-sein.de\/?page_id=532","og_site_name":"entspannter sein","article_modified_time":"2022-06-26T19:41:40+00:00","og_image":[{"url":"https:\/\/www.entspannter-sein.de\/wp-content\/uploads\/2022\/05\/freunde-1024x983.jpg","type":"","width":"","height":""}],"twitter_card":"summary_large_image","twitter_misc":{"Gesch\u00e4tzte Lesezeit":"1\u00a0Minute"},"schema":{"@context":"https:\/\/schema.org","@graph":[{"@type":"WebPage","@id":"https:\/\/www.entspannter-sein.de\/?page_id=532","url":"https:\/\/www.entspannter-sein.de\/?page_id=532","name":"About - entspannter sein","isPartOf":{"@id":"https:\/\/www.entspannter-sein.de\/#website"},"primaryImageOfPage":{"@id":"https:\/\/www.entspannter-sein.de\/?page_id=532#primaryimage"},"image":{"@id":"https:\/\/www.entspannter-sein.de\/?page_id=532#primaryimage"},"thumbnailUrl":"https:\/\/www.entspannter-sein.de\/wp-content\/uploads\/2022\/05\/freunde-1024x983.jpg","datePublished":"2022-05-19T18:11:27+00:00","dateModified":"2022-06-26T19:41:40+00:00","breadcrumb":{"@id":"https:\/\/www.entspannter-sein.de\/?page_id=532#breadcrumb"},"inLanguage":"de","potentialAction":[{"@type":"ReadAction","target":["https:\/\/www.entspannter-sein.de\/?page_id=532"]}]},{"@type":"ImageObject","inLanguage":"de","@id":"https:\/\/www.entspannter-sein.de\/?page_id=532#primaryimage","url":"https:\/\/www.entspannter-sein.de\/wp-content\/uploads\/2022\/05\/freunde.jpg","contentUrl":"https:\/\/www.entspannter-sein.de\/wp-content\/uploads\/2022\/05\/freunde.jpg","width":2000,"height":1919},{"@type":"BreadcrumbList","@id":"https:\/\/www.entspannter-sein.de\/?page_id=532#breadcrumb","itemListElement":[{"@type":"ListItem","position":1,"name":"Startseite","item":"https:\/\/www.entspannter-sein.de\/"},{"@type":"ListItem","position":2,"name":"About"}]},{"@type":"WebSite","@id":"https:\/\/www.entspannter-sein.de\/#website","url":"https:\/\/www.entspannter-sein.de\/","name":"entspannter sein","description":"Stressreduktionskurs","publisher":{"@id":"https:\/\/www.entspannter-sein.de\/#organization"},"potentialAction":[{"@type":"SearchAction","target":{"@type":"EntryPoint","urlTemplate":"https:\/\/www.entspannter-sein.de\/?s={search_term_string}"},"query-input":{"@type":"PropertyValueSpecification","valueRequired":true,"valueName":"search_term_string"}}],"inLanguage":"de"},{"@type":"Organization","@id":"https:\/\/www.entspannter-sein.de\/#organization","name":"entspannter sein","url":"https:\/\/www.entspannter-sein.de\/","logo":{"@type":"ImageObject","inLanguage":"de","@id":"https:\/\/www.entspannter-sein.de\/#\/schema\/logo\/image\/","url":"https:\/\/www.entspannter-sein.de\/wp-content\/uploads\/2022\/05\/cropped-logo-entspannter-sein.png","contentUrl":"https:\/\/www.entspannter-sein.de\/wp-content\/uploads\/2022\/05\/cropped-logo-entspannter-sein.png","width":372,"height":82,"caption":"entspannter sein"},"image":{"@id":"https:\/\/www.entspannter-sein.de\/#\/schema\/logo\/image\/"}}]}},"uagb_featured_image_src":{"full":false,"thumbnail":false,"medium":false,"medium_large":false,"large":false,"1536x1536":false,"2048x2048":false,"woocommerce_thumbnail":false,"woocommerce_single":false,"woocommerce_gallery_thumbnail":false},"uagb_author_info":{"display_name":"sabineickler","author_link":"https:\/\/www.entspannter-sein.de\/?author=1"},"uagb_comment_info":0,"uagb_excerpt":"About Es gibt im Moment in diese Mannschaft, oh, einige Spieler vergessen ihnen Profi was sie sind. Ich lese nicht sehr viele Zeitungen, aber ich habe geh\u00f6rt viele Situationen. Erstens: wir haben nicht offensiv gespielt. Es gibt keine deutsche Mannschaft spielt offensiv und die Name offensiv wie Bayern. Letzte Spiel hatten wir in Platz drei&hellip;","_links":{"self":[{"href":"https:\/\/www.entspannter-sein.de\/index.php?rest_route=\/wp\/v2\/pages\/532","targetHints":{"allow":["GET"]}}],"collection":[{"href":"https:\/\/www.entspannter-sein.de\/index.php?rest_route=\/wp\/v2\/pages"}],"about":[{"href":"https:\/\/www.entspannter-sein.de\/index.php?rest_route=\/wp\/v2\/types\/page"}],"author":[{"embeddable":true,"href":"https:\/\/www.entspannter-sein.de\/index.php?rest_route=\/wp\/v2\/users\/1"}],"replies":[{"embeddable":true,"href":"https:\/\/www.entspannter-sein.de\/index.php?rest_route=%2Fwp%2Fv2%2Fcomments&post=532"}],"version-history":[{"count":0,"href":"https:\/\/www.entspannter-sein.de\/index.php?rest_route=\/wp\/v2\/pages\/532\/revisions"}],"wp:attachment":[{"href":"https:\/\/www.entspannter-sein.de\/index.php?rest_route=%2Fwp%2Fv2%2Fmedia&parent=532"}],"curies":[{"name":"wp","href":"https:\/\/api.w.org\/{rel}","templated":true}]}}